{"id":3794,"date":"2026-04-08T12:55:42","date_gmt":"2026-04-08T10:55:42","guid":{"rendered":"https:\/\/serliana.es\/?page_id=3794"},"modified":"2026-04-08T13:01:13","modified_gmt":"2026-04-08T11:01:13","slug":"granada-17","status":"publish","type":"page","link":"https:\/\/serliana.es\/en\/granada-17\/","title":{"rendered":"Granada 17"},"content":{"rendered":"<div data-elementor-type=\"wp-page\" data-elementor-id=\"3794\" class=\"elementor elementor-3794\" data-elementor-post-type=\"page\">\n\t\t\t\t\t\t<section class=\"has_eae_slider elementor-section elementor-top-section elementor-element elementor-element-8beb2bc bef-cl elementor-section-boxed elementor-section-height-default elementor-section-height-default\" data-id=\"8beb2bc\" data-element_type=\"section\" data-settings=\"{&quot;background_background&quot;:&quot;classic&quot;}\">\n\t\t\t\t\t\t<div class=\"elementor-container elementor-column-gap-default\">\n\t\t\t\t\t<div class=\"has_eae_slider elementor-column elementor-col-50 elementor-top-column elementor-element elementor-element-c09b74a\" data-id=\"c09b74a\" data-element_type=\"column\">\n\t\t\t<div class=\"elementor-widget-wrap elementor-element-populated\">\n\t\t\t\t\t\t<section class=\"has_eae_slider elementor-section elementor-inner-section elementor-element elementor-element-e1e2481 elementor-section-boxed elementor-section-height-default elementor-section-height-default\" data-id=\"e1e2481\" data-element_type=\"section\">\n\t\t\t\t\t\t<div class=\"elementor-container elementor-column-gap-default\">\n\t\t\t\t\t<div class=\"has_eae_slider elementor-column elementor-col-100 elementor-inner-column elementor-element elementor-element-8cf7949 po-r subbanner-be\" data-id=\"8cf7949\" data-element_type=\"column\">\n\t\t\t<div class=\"elementor-widget-wrap elementor-element-populated\">\n\t\t\t\t\t\t<div class=\"elementor-element elementor-element-f24b231 elementor-widget elementor-widget-heading\" data-id=\"f24b231\" data-element_type=\"widget\" data-widget_type=\"heading.default\">\n\t\t\t\t<div class=\"elementor-widget-container\">\n\t\t\t<h2 class=\"elementor-heading-title elementor-size-default\">SERLIANA<\/h2>\t\t<\/div>\n\t\t\t\t<\/div>\n\t\t\t\t<div class=\"elementor-element elementor-element-2cb5366 elementor-widget elementor-widget-html\" data-id=\"2cb5366\" data-element_type=\"widget\" data-widget_type=\"html.default\">\n\t\t\t\t<div class=\"elementor-widget-container\">\n\t\t\t<div class=\"breadcrumb-link\">\r\n<span>\r\n<a href=\"\/en\/\">\r\nInicio\r\n<\/a>\r\n<\/span> \r\n<span class=\"currentm\">\r\nTrabajos realizados                             <\/span>\r\n<\/div>\t\t<\/div>\n\t\t\t\t<\/div>\n\t\t\t\t\t<\/div>\n\t\t<\/div>\n\t\t\t\t\t<\/div>\n\t\t<\/section>\n\t\t\t\t\t<\/div>\n\t\t<\/div>\n\t\t\t\t<div class=\"has_eae_slider elementor-column elementor-col-50 elementor-top-column elementor-element elementor-element-6a1ce63\" data-id=\"6a1ce63\" data-element_type=\"column\">\n\t\t\t<div class=\"elementor-widget-wrap\">\n\t\t\t\t\t\t\t<\/div>\n\t\t<\/div>\n\t\t\t\t\t<\/div>\n\t\t<\/section>\n\t\t\t\t<section class=\"has_eae_slider elementor-section elementor-top-section elementor-element elementor-element-fe55f15 elementor-section-boxed elementor-section-height-default elementor-section-height-default\" data-id=\"fe55f15\" data-element_type=\"section\">\n\t\t\t\t\t\t<div class=\"elementor-container elementor-column-gap-default\">\n\t\t\t\t\t<div class=\"has_eae_slider elementor-column elementor-col-50 elementor-top-column elementor-element elementor-element-8a1c169\" data-id=\"8a1c169\" data-element_type=\"column\">\n\t\t\t<div class=\"elementor-widget-wrap elementor-element-populated\">\n\t\t\t\t\t\t<section class=\"has_eae_slider elementor-section elementor-inner-section elementor-element elementor-element-c165e16 elementor-section-boxed elementor-section-height-default elementor-section-height-default\" data-id=\"c165e16\" data-element_type=\"section\">\n\t\t\t\t\t\t<div class=\"elementor-container elementor-column-gap-default\">\n\t\t\t\t\t<div class=\"has_eae_slider elementor-column elementor-col-100 elementor-inner-column elementor-element elementor-element-560b8e6\" data-id=\"560b8e6\" data-element_type=\"column\">\n\t\t\t<div class=\"elementor-widget-wrap elementor-element-populated\">\n\t\t\t\t\t\t<div class=\"elementor-element elementor-element-d1966fd elementor-widget elementor-widget-heading\" data-id=\"d1966fd\" data-element_type=\"widget\" data-widget_type=\"heading.default\">\n\t\t\t\t<div class=\"elementor-widget-container\">\n\t\t\t<h2 class=\"elementor-heading-title elementor-size-default\">SERLIANA, GESTI\u00d3N DE LA CONSTRUCCI\u00d3N S.L.<\/h2>\t\t<\/div>\n\t\t\t\t<\/div>\n\t\t\t\t<div class=\"elementor-element elementor-element-aaae565 elementor-widget elementor-widget-heading\" data-id=\"aaae565\" data-element_type=\"widget\" data-widget_type=\"heading.default\">\n\t\t\t\t<div class=\"elementor-widget-container\">\n\t\t\t<h2 class=\"elementor-heading-title elementor-size-default\">Granada 17<\/h2>\t\t<\/div>\n\t\t\t\t<\/div>\n\t\t\t\t<div class=\"elementor-element elementor-element-41f3f27 elementor-widget elementor-widget-heading\" data-id=\"41f3f27\" data-element_type=\"widget\" data-widget_type=\"heading.default\">\n\t\t\t\t<div class=\"elementor-widget-container\">\n\t\t\t<h2 class=\"elementor-heading-title elementor-size-default\">Conversi\u00f3n de bajo comercial en vivienda<\/h2>\t\t<\/div>\n\t\t\t\t<\/div>\n\t\t\t\t<div class=\"elementor-element elementor-element-049389d elementor-widget elementor-widget-text-editor\" data-id=\"049389d\" data-element_type=\"widget\" data-widget_type=\"text-editor.default\">\n\t\t\t\t<div class=\"elementor-widget-container\">\n\t\t\t\t\t\t\t<p>Transformaci\u00f3n de un bajo comercial en una vivienda luminosa y acogedora, donde el ladrillo visto se convierte en protagonista del espacio.<\/p><p>El patio interior aporta luz natural y calidad ambiental, mientras que los acabados atemporales refuerzan un dise\u00f1o equilibrado y duradero.<\/p>\t\t\t\t\t\t<\/div>\n\t\t\t\t<\/div>\n\t\t\t\t\t<\/div>\n\t\t<\/div>\n\t\t\t\t\t<\/div>\n\t\t<\/section>\n\t\t\t\t\t<\/div>\n\t\t<\/div>\n\t\t\t\t<div class=\"has_eae_slider elementor-column elementor-col-50 elementor-top-column elementor-element elementor-element-379200e\" data-id=\"379200e\" data-element_type=\"column\">\n\t\t\t<div class=\"elementor-widget-wrap elementor-element-populated\">\n\t\t\t\t\t\t<div class=\"elementor-element elementor-element-54613cc elementor-widget elementor-widget-gallery\" data-id=\"54613cc\" data-element_type=\"widget\" data-settings=\"{&quot;columns&quot;:2,&quot;lazyload&quot;:&quot;yes&quot;,&quot;gallery_layout&quot;:&quot;grid&quot;,&quot;columns_tablet&quot;:2,&quot;columns_mobile&quot;:1,&quot;gap&quot;:{&quot;unit&quot;:&quot;px&quot;,&quot;size&quot;:10,&quot;sizes&quot;:[]},&quot;gap_tablet&quot;:{&quot;unit&quot;:&quot;px&quot;,&quot;size&quot;:10,&quot;sizes&quot;:[]},&quot;gap_mobile&quot;:{&quot;unit&quot;:&quot;px&quot;,&quot;size&quot;:10,&quot;sizes&quot;:[]},&quot;link_to&quot;:&quot;file&quot;,&quot;aspect_ratio&quot;:&quot;3:2&quot;,&quot;overlay_background&quot;:&quot;yes&quot;,&quot;content_hover_animation&quot;:&quot;fade-in&quot;}\" data-widget_type=\"gallery.default\">\n\t\t\t\t<div class=\"elementor-widget-container\">\n\t\t\t\t\t<div class=\"elementor-gallery__container\">\n\t\t\t\t\t\t\t<a class=\"e-gallery-item elementor-gallery-item elementor-animated-content\" href=\"https:\/\/serliana.es\/wp-content\/uploads\/2026\/04\/granada17-origen-serliana.jpg\" data-elementor-open-lightbox=\"yes\" data-elementor-lightbox-slideshow=\"54613cc\" data-elementor-lightbox-title=\"granada17-origen-serliana\" data-e-action-hash=\"#elementor-action%3Aaction%3Dlightbox%26settings%3DeyJpZCI6Mzc5NiwidXJsIjoiaHR0cHM6XC9cL3NlcmxpYW5hLmVzXC93cC1jb250ZW50XC91cGxvYWRzXC8yMDI2XC8wNFwvZ3JhbmFkYTE3LW9yaWdlbi1zZXJsaWFuYS5qcGciLCJzbGlkZXNob3ciOiI1NDYxM2NjIn0%3D\">\n\t\t\t\t\t<div class=\"e-gallery-image elementor-gallery-item__image\" data-thumbnail=\"https:\/\/serliana.es\/wp-content\/uploads\/2026\/04\/granada17-origen-serliana-300x225.jpg\" data-width=\"300\" data-height=\"225\" aria-label=\"\" role=\"img\" ><\/div>\n\t\t\t\t\t\t\t\t\t\t\t<div class=\"elementor-gallery-item__overlay\"><\/div>\n\t\t\t\t\t\t\t\t\t\t\t\t\t\t<\/a>\n\t\t\t\t\t\t\t<a class=\"e-gallery-item elementor-gallery-item elementor-animated-content\" href=\"https:\/\/serliana.es\/wp-content\/uploads\/2026\/04\/granada17-origen-serliana-2.jpg\" data-elementor-open-lightbox=\"yes\" data-elementor-lightbox-slideshow=\"54613cc\" data-elementor-lightbox-title=\"granada17-origen-serliana-2\" data-e-action-hash=\"#elementor-action%3Aaction%3Dlightbox%26settings%3DeyJpZCI6Mzc5NywidXJsIjoiaHR0cHM6XC9cL3NlcmxpYW5hLmVzXC93cC1jb250ZW50XC91cGxvYWRzXC8yMDI2XC8wNFwvZ3JhbmFkYTE3LW9yaWdlbi1zZXJsaWFuYS0yLmpwZyIsInNsaWRlc2hvdyI6IjU0NjEzY2MifQ%3D%3D\">\n\t\t\t\t\t<div class=\"e-gallery-image elementor-gallery-item__image\" data-thumbnail=\"https:\/\/serliana.es\/wp-content\/uploads\/2026\/04\/granada17-origen-serliana-2-300x225.jpg\" data-width=\"300\" data-height=\"225\" aria-label=\"\" role=\"img\" ><\/div>\n\t\t\t\t\t\t\t\t\t\t\t<div class=\"elementor-gallery-item__overlay\"><\/div>\n\t\t\t\t\t\t\t\t\t\t\t\t\t\t<\/a>\n\t\t\t\t\t\t\t<a class=\"e-gallery-item elementor-gallery-item elementor-animated-content\" href=\"https:\/\/serliana.es\/wp-content\/uploads\/2026\/04\/granada17-proceso-serliana.jpg\" data-elementor-open-lightbox=\"yes\" data-elementor-lightbox-slideshow=\"54613cc\" data-elementor-lightbox-title=\"granada17-proceso-serliana\" data-e-action-hash=\"#elementor-action%3Aaction%3Dlightbox%26settings%3DeyJpZCI6Mzc5OSwidXJsIjoiaHR0cHM6XC9cL3NlcmxpYW5hLmVzXC93cC1jb250ZW50XC91cGxvYWRzXC8yMDI2XC8wNFwvZ3JhbmFkYTE3LXByb2Nlc28tc2VybGlhbmEuanBnIiwic2xpZGVzaG93IjoiNTQ2MTNjYyJ9\">\n\t\t\t\t\t<div class=\"e-gallery-image elementor-gallery-item__image\" data-thumbnail=\"https:\/\/serliana.es\/wp-content\/uploads\/2026\/04\/granada17-proceso-serliana-300x225.jpg\" data-width=\"300\" data-height=\"225\" aria-label=\"\" role=\"img\" ><\/div>\n\t\t\t\t\t\t\t\t\t\t\t<div class=\"elementor-gallery-item__overlay\"><\/div>\n\t\t\t\t\t\t\t\t\t\t\t\t\t\t<\/a>\n\t\t\t\t\t\t\t<a class=\"e-gallery-item elementor-gallery-item elementor-animated-content\" href=\"https:\/\/serliana.es\/wp-content\/uploads\/2026\/04\/granada17-final-serliana-3.jpg\" data-elementor-open-lightbox=\"yes\" data-elementor-lightbox-slideshow=\"54613cc\" data-elementor-lightbox-title=\"granada17-final-serliana-3\" data-e-action-hash=\"#elementor-action%3Aaction%3Dlightbox%26settings%3DeyJpZCI6MzgwMCwidXJsIjoiaHR0cHM6XC9cL3NlcmxpYW5hLmVzXC93cC1jb250ZW50XC91cGxvYWRzXC8yMDI2XC8wNFwvZ3JhbmFkYTE3LWZpbmFsLXNlcmxpYW5hLTMuanBnIiwic2xpZGVzaG93IjoiNTQ2MTNjYyJ9\">\n\t\t\t\t\t<div class=\"e-gallery-image elementor-gallery-item__image\" data-thumbnail=\"https:\/\/serliana.es\/wp-content\/uploads\/2026\/04\/granada17-final-serliana-3-300x225.jpg\" data-width=\"300\" data-height=\"225\" aria-label=\"\" role=\"img\" ><\/div>\n\t\t\t\t\t\t\t\t\t\t\t<div class=\"elementor-gallery-item__overlay\"><\/div>\n\t\t\t\t\t\t\t\t\t\t\t\t\t\t<\/a>\n\t\t\t\t\t\t\t<a class=\"e-gallery-item elementor-gallery-item elementor-animated-content\" href=\"https:\/\/serliana.es\/wp-content\/uploads\/2026\/04\/granada17-final-serliana-2.jpg\" data-elementor-open-lightbox=\"yes\" data-elementor-lightbox-slideshow=\"54613cc\" data-elementor-lightbox-title=\"granada17-final-serliana-2\" data-e-action-hash=\"#elementor-action%3Aaction%3Dlightbox%26settings%3DeyJpZCI6MzgwMSwidXJsIjoiaHR0cHM6XC9cL3NlcmxpYW5hLmVzXC93cC1jb250ZW50XC91cGxvYWRzXC8yMDI2XC8wNFwvZ3JhbmFkYTE3LWZpbmFsLXNlcmxpYW5hLTIuanBnIiwic2xpZGVzaG93IjoiNTQ2MTNjYyJ9\">\n\t\t\t\t\t<div class=\"e-gallery-image elementor-gallery-item__image\" data-thumbnail=\"https:\/\/serliana.es\/wp-content\/uploads\/2026\/04\/granada17-final-serliana-2-300x225.jpg\" data-width=\"300\" data-height=\"225\" aria-label=\"\" role=\"img\" ><\/div>\n\t\t\t\t\t\t\t\t\t\t\t<div class=\"elementor-gallery-item__overlay\"><\/div>\n\t\t\t\t\t\t\t\t\t\t\t\t\t\t<\/a>\n\t\t\t\t\t\t\t<a class=\"e-gallery-item elementor-gallery-item elementor-animated-content\" href=\"https:\/\/serliana.es\/wp-content\/uploads\/2026\/04\/granada17-final-serliana-1.jpg\" data-elementor-open-lightbox=\"yes\" data-elementor-lightbox-slideshow=\"54613cc\" data-elementor-lightbox-title=\"granada17-final-serliana-1\" data-e-action-hash=\"#elementor-action%3Aaction%3Dlightbox%26settings%3DeyJpZCI6MzgwMiwidXJsIjoiaHR0cHM6XC9cL3NlcmxpYW5hLmVzXC93cC1jb250ZW50XC91cGxvYWRzXC8yMDI2XC8wNFwvZ3JhbmFkYTE3LWZpbmFsLXNlcmxpYW5hLTEuanBnIiwic2xpZGVzaG93IjoiNTQ2MTNjYyJ9\">\n\t\t\t\t\t<div class=\"e-gallery-image elementor-gallery-item__image\" data-thumbnail=\"https:\/\/serliana.es\/wp-content\/uploads\/2026\/04\/granada17-final-serliana-1-300x225.jpg\" data-width=\"300\" data-height=\"225\" aria-label=\"\" role=\"img\" ><\/div>\n\t\t\t\t\t\t\t\t\t\t\t<div class=\"elementor-gallery-item__overlay\"><\/div>\n\t\t\t\t\t\t\t\t\t\t\t\t\t\t<\/a>\n\t\t\t\t\t\t\t<a class=\"e-gallery-item elementor-gallery-item elementor-animated-content\" href=\"https:\/\/serliana.es\/wp-content\/uploads\/2026\/04\/granada17-portada-final-serliana.jpg\" data-elementor-open-lightbox=\"yes\" data-elementor-lightbox-slideshow=\"54613cc\" data-elementor-lightbox-title=\"granada17-portada-final-serliana\" data-e-action-hash=\"#elementor-action%3Aaction%3Dlightbox%26settings%3DeyJpZCI6MzgwMywidXJsIjoiaHR0cHM6XC9cL3NlcmxpYW5hLmVzXC93cC1jb250ZW50XC91cGxvYWRzXC8yMDI2XC8wNFwvZ3JhbmFkYTE3LXBvcnRhZGEtZmluYWwtc2VybGlhbmEuanBnIiwic2xpZGVzaG93IjoiNTQ2MTNjYyJ9\">\n\t\t\t\t\t<div class=\"e-gallery-image elementor-gallery-item__image\" data-thumbnail=\"https:\/\/serliana.es\/wp-content\/uploads\/2026\/04\/granada17-portada-final-serliana-300x225.jpg\" data-width=\"300\" data-height=\"225\" aria-label=\"\" role=\"img\" ><\/div>\n\t\t\t\t\t\t\t\t\t\t\t<div class=\"elementor-gallery-item__overlay\"><\/div>\n\t\t\t\t\t\t\t\t\t\t\t\t\t\t<\/a>\n\t\t\t\t\t<\/div>\n\t\t\t<\/div>\n\t\t\t\t<\/div>\n\t\t\t\t\t<\/div>\n\t\t<\/div>\n\t\t\t\t\t<\/div>\n\t\t<\/section>\n\t\t\t\t<\/div>","protected":false},"excerpt":{"rendered":"<p>SERLIANA Inicio Trabajos realizados SERLIANA, GESTI\u00d3N DE LA CONSTRUCCI\u00d3N S.L. Granada 17 Conversi\u00f3n de bajo comercial en vivienda Transformaci\u00f3n de un bajo comercial en una vivienda luminosa y acogedora, donde el ladrillo visto se convierte en protagonista del espacio. El patio interior aporta luz natural y calidad ambiental, mientras que los acabados atemporales refuerzan un [&hellip;]<\/p>","protected":false},"author":1,"featured_media":0,"parent":0,"menu_order":0,"comment_status":"closed","ping_status":"closed","template":"elementor_header_footer","meta":{"_acf_changed":false,"footnotes":""},"class_list":["post-3794","page","type-page","status-publish","hentry"],"acf":[],"yoast_head":"<!-- This site is optimized with the Yoast SEO plugin v23.4 - https:\/\/yoast.com\/wordpress\/plugins\/seo\/ -->\n<title>Granada 17 - SERLIANA S.L.<\/title>\n<meta name=\"robots\" content=\"index, follow, max-snippet:-1, max-image-preview:large, max-video-preview:-1\" \/>\n<link rel=\"canonical\" href=\"https:\/\/serliana.es\/en\/granada-17\/\" \/>\n<meta property=\"og:locale\" content=\"en_GB\" \/>\n<meta property=\"og:type\" content=\"article\" \/>\n<meta property=\"og:title\" content=\"Granada 17 - SERLIANA S.L.\" \/>\n<meta property=\"og:description\" content=\"SERLIANA Inicio Trabajos realizados SERLIANA, GESTI\u00d3N DE LA CONSTRUCCI\u00d3N S.L. Granada 17 Conversi\u00f3n de bajo comercial en vivienda Transformaci\u00f3n de un bajo comercial en una vivienda luminosa y acogedora, donde el ladrillo visto se convierte en protagonista del espacio. El patio interior aporta luz natural y calidad ambiental, mientras que los acabados atemporales refuerzan un [&hellip;]\" \/>\n<meta property=\"og:url\" content=\"https:\/\/serliana.es\/en\/granada-17\/\" \/>\n<meta property=\"og:site_name\" content=\"SERLIANA S.L.\" \/>\n<meta property=\"article:modified_time\" content=\"2026-04-08T11:01:13+00:00\" \/>\n<meta name=\"twitter:card\" content=\"summary_large_image\" \/>\n<meta name=\"twitter:label1\" content=\"Estimated reading time\" \/>\n\t<meta name=\"twitter:data1\" content=\"1 minute\" \/>\n<script type=\"application\/ld+json\" class=\"yoast-schema-graph\">{\"@context\":\"https:\/\/schema.org\",\"@graph\":[{\"@type\":\"WebPage\",\"@id\":\"https:\/\/serliana.es\/granada-17\/\",\"url\":\"https:\/\/serliana.es\/granada-17\/\",\"name\":\"Granada 17 - SERLIANA S.L.\",\"isPartOf\":{\"@id\":\"https:\/\/serliana.es\/#website\"},\"datePublished\":\"2026-04-08T10:55:42+00:00\",\"dateModified\":\"2026-04-08T11:01:13+00:00\",\"breadcrumb\":{\"@id\":\"https:\/\/serliana.es\/granada-17\/#breadcrumb\"},\"inLanguage\":\"en-GB\",\"potentialAction\":[{\"@type\":\"ReadAction\",\"target\":[\"https:\/\/serliana.es\/granada-17\/\"]}]},{\"@type\":\"BreadcrumbList\",\"@id\":\"https:\/\/serliana.es\/granada-17\/#breadcrumb\",\"itemListElement\":[{\"@type\":\"ListItem\",\"position\":1,\"name\":\"Portada\",\"item\":\"https:\/\/serliana.es\/\"},{\"@type\":\"ListItem\",\"position\":2,\"name\":\"Granada 17\"}]},{\"@type\":\"WebSite\",\"@id\":\"https:\/\/serliana.es\/#website\",\"url\":\"https:\/\/serliana.es\/\",\"name\":\"SERLIANA S.L.\",\"description\":\"Rehabilitaci\u00f3n y construcci\u00f3n\",\"publisher\":{\"@id\":\"https:\/\/serliana.es\/#organization\"},\"potentialAction\":[{\"@type\":\"SearchAction\",\"target\":{\"@type\":\"EntryPoint\",\"urlTemplate\":\"https:\/\/serliana.es\/?s={search_term_string}\"},\"query-input\":{\"@type\":\"PropertyValueSpecification\",\"valueRequired\":true,\"valueName\":\"search_term_string\"}}],\"inLanguage\":\"en-GB\"},{\"@type\":\"Organization\",\"@id\":\"https:\/\/serliana.es\/#organization\",\"name\":\"SERLIANA S.L.\",\"url\":\"https:\/\/serliana.es\/\",\"logo\":{\"@type\":\"ImageObject\",\"inLanguage\":\"en-GB\",\"@id\":\"https:\/\/serliana.es\/#\/schema\/logo\/image\/\",\"url\":\"https:\/\/serliana.es\/wp-content\/uploads\/2023\/12\/logo-serliana-negro.jpg\",\"contentUrl\":\"https:\/\/serliana.es\/wp-content\/uploads\/2023\/12\/logo-serliana-negro.jpg\",\"width\":300,\"height\":246,\"caption\":\"SERLIANA S.L.\"},\"image\":{\"@id\":\"https:\/\/serliana.es\/#\/schema\/logo\/image\/\"}}]}<\/script>\n<!-- \/ Yoast SEO plugin. -->","yoast_head_json":{"title":"Granada 17 - SERLIANA S.L.","robots":{"index":"index","follow":"follow","max-snippet":"max-snippet:-1","max-image-preview":"max-image-preview:large","max-video-preview":"max-video-preview:-1"},"canonical":"https:\/\/serliana.es\/en\/granada-17\/","og_locale":"en_GB","og_type":"article","og_title":"Granada 17 - SERLIANA S.L.","og_description":"SERLIANA Inicio Trabajos realizados SERLIANA, GESTI\u00d3N DE LA CONSTRUCCI\u00d3N S.L. Granada 17 Conversi\u00f3n de bajo comercial en vivienda Transformaci\u00f3n de un bajo comercial en una vivienda luminosa y acogedora, donde el ladrillo visto se convierte en protagonista del espacio. El patio interior aporta luz natural y calidad ambiental, mientras que los acabados atemporales refuerzan un [&hellip;]","og_url":"https:\/\/serliana.es\/en\/granada-17\/","og_site_name":"SERLIANA S.L.","article_modified_time":"2026-04-08T11:01:13+00:00","twitter_card":"summary_large_image","twitter_misc":{"Estimated reading time":"1 minute"},"schema":{"@context":"https:\/\/schema.org","@graph":[{"@type":"WebPage","@id":"https:\/\/serliana.es\/granada-17\/","url":"https:\/\/serliana.es\/granada-17\/","name":"Granada 17 - SERLIANA S.L.","isPartOf":{"@id":"https:\/\/serliana.es\/#website"},"datePublished":"2026-04-08T10:55:42+00:00","dateModified":"2026-04-08T11:01:13+00:00","breadcrumb":{"@id":"https:\/\/serliana.es\/granada-17\/#breadcrumb"},"inLanguage":"en-GB","potentialAction":[{"@type":"ReadAction","target":["https:\/\/serliana.es\/granada-17\/"]}]},{"@type":"BreadcrumbList","@id":"https:\/\/serliana.es\/granada-17\/#breadcrumb","itemListElement":[{"@type":"ListItem","position":1,"name":"Portada","item":"https:\/\/serliana.es\/"},{"@type":"ListItem","position":2,"name":"Granada 17"}]},{"@type":"WebSite","@id":"https:\/\/serliana.es\/#website","url":"https:\/\/serliana.es\/","name":"SERLIANA S.L.","description":"Rehabilitaci\u00f3n y construcci\u00f3n","publisher":{"@id":"https:\/\/serliana.es\/#organization"},"potentialAction":[{"@type":"SearchAction","target":{"@type":"EntryPoint","urlTemplate":"https:\/\/serliana.es\/?s={search_term_string}"},"query-input":{"@type":"PropertyValueSpecification","valueRequired":true,"valueName":"search_term_string"}}],"inLanguage":"en-GB"},{"@type":"Organization","@id":"https:\/\/serliana.es\/#organization","name":"SERLIANA S.L.","url":"https:\/\/serliana.es\/","logo":{"@type":"ImageObject","inLanguage":"en-GB","@id":"https:\/\/serliana.es\/#\/schema\/logo\/image\/","url":"https:\/\/serliana.es\/wp-content\/uploads\/2023\/12\/logo-serliana-negro.jpg","contentUrl":"https:\/\/serliana.es\/wp-content\/uploads\/2023\/12\/logo-serliana-negro.jpg","width":300,"height":246,"caption":"SERLIANA S.L."},"image":{"@id":"https:\/\/serliana.es\/#\/schema\/logo\/image\/"}}]}},"_links":{"self":[{"href":"https:\/\/serliana.es\/en\/wp-json\/wp\/v2\/pages\/3794","targetHints":{"allow":["GET"]}}],"collection":[{"href":"https:\/\/serliana.es\/en\/wp-json\/wp\/v2\/pages"}],"about":[{"href":"https:\/\/serliana.es\/en\/wp-json\/wp\/v2\/types\/page"}],"author":[{"embeddable":true,"href":"https:\/\/serliana.es\/en\/wp-json\/wp\/v2\/users\/1"}],"replies":[{"embeddable":true,"href":"https:\/\/serliana.es\/en\/wp-json\/wp\/v2\/comments?post=3794"}],"version-history":[{"count":4,"href":"https:\/\/serliana.es\/en\/wp-json\/wp\/v2\/pages\/3794\/revisions"}],"predecessor-version":[{"id":3806,"href":"https:\/\/serliana.es\/en\/wp-json\/wp\/v2\/pages\/3794\/revisions\/3806"}],"wp:attachment":[{"href":"https:\/\/serliana.es\/en\/wp-json\/wp\/v2\/media?parent=3794"}],"curies":[{"name":"wp","href":"https:\/\/api.w.org\/{rel}","templated":true}]}}