{"id":3349,"date":"2024-09-16T13:44:23","date_gmt":"2024-09-16T11:44:23","guid":{"rendered":"https:\/\/web2024ok.serliana.es\/?page_id=3349"},"modified":"2024-10-02T14:41:14","modified_gmt":"2024-10-02T12:41:14","slug":"politica-de-privacidad","status":"publish","type":"page","link":"https:\/\/serliana.es\/en\/politica-de-privacidad\/","title":{"rendered":"Pol\u00edtica de privacidad"},"content":{"rendered":"<div data-elementor-type=\"wp-page\" data-elementor-id=\"3349\" class=\"elementor elementor-3349\" data-elementor-post-type=\"page\">\n\t\t\t\t\t\t<section class=\"has_eae_slider elementor-section elementor-top-section elementor-element elementor-element-8beb2bc bef-cl elementor-section-boxed elementor-section-height-default elementor-section-height-default\" data-id=\"8beb2bc\" data-element_type=\"section\" data-settings=\"{&quot;background_background&quot;:&quot;classic&quot;}\">\n\t\t\t\t\t\t<div class=\"elementor-container elementor-column-gap-default\">\n\t\t\t\t\t<div class=\"has_eae_slider elementor-column elementor-col-50 elementor-top-column elementor-element elementor-element-c09b74a\" data-id=\"c09b74a\" data-element_type=\"column\">\n\t\t\t<div class=\"elementor-widget-wrap elementor-element-populated\">\n\t\t\t\t\t\t<section class=\"has_eae_slider elementor-section elementor-inner-section elementor-element elementor-element-e1e2481 elementor-section-boxed elementor-section-height-default elementor-section-height-default\" data-id=\"e1e2481\" data-element_type=\"section\">\n\t\t\t\t\t\t<div class=\"elementor-container elementor-column-gap-default\">\n\t\t\t\t\t<div class=\"has_eae_slider elementor-column elementor-col-100 elementor-inner-column elementor-element elementor-element-8cf7949 po-r subbanner-be\" data-id=\"8cf7949\" data-element_type=\"column\">\n\t\t\t<div class=\"elementor-widget-wrap elementor-element-populated\">\n\t\t\t\t\t\t<div class=\"elementor-element elementor-element-f24b231 elementor-widget elementor-widget-heading\" data-id=\"f24b231\" data-element_type=\"widget\" data-widget_type=\"heading.default\">\n\t\t\t\t<div class=\"elementor-widget-container\">\n\t\t\t<h2 class=\"elementor-heading-title elementor-size-default\">SERLIANA<\/h2>\t\t<\/div>\n\t\t\t\t<\/div>\n\t\t\t\t<div class=\"elementor-element elementor-element-2cb5366 elementor-widget elementor-widget-html\" data-id=\"2cb5366\" data-element_type=\"widget\" data-widget_type=\"html.default\">\n\t\t\t\t<div class=\"elementor-widget-container\">\n\t\t\t<div class=\"breadcrumb-link\">\r\n<span>\r\n<a href=\"\/en\/\">\r\nInicio\r\n<\/a>\r\n<\/span> \r\n<span class=\"currentm\">\r\nPol\u00edtica de privacidad<\/span>\r\n<\/div>\t\t<\/div>\n\t\t\t\t<\/div>\n\t\t\t\t\t<\/div>\n\t\t<\/div>\n\t\t\t\t\t<\/div>\n\t\t<\/section>\n\t\t\t\t\t<\/div>\n\t\t<\/div>\n\t\t\t\t<div class=\"has_eae_slider elementor-column elementor-col-50 elementor-top-column elementor-element elementor-element-6a1ce63\" data-id=\"6a1ce63\" data-element_type=\"column\">\n\t\t\t<div class=\"elementor-widget-wrap\">\n\t\t\t\t\t\t\t<\/div>\n\t\t<\/div>\n\t\t\t\t\t<\/div>\n\t\t<\/section>\n\t\t\t\t<section class=\"has_eae_slider elementor-section elementor-top-section elementor-element elementor-element-f65740d elementor-section-boxed elementor-section-height-default elementor-section-height-default\" data-id=\"f65740d\" data-element_type=\"section\">\n\t\t\t\t\t\t<div class=\"elementor-container elementor-column-gap-default\">\n\t\t\t\t\t<div class=\"has_eae_slider elementor-column elementor-col-100 elementor-top-column elementor-element elementor-element-e169b44\" data-id=\"e169b44\" data-element_type=\"column\">\n\t\t\t<div class=\"elementor-widget-wrap elementor-element-populated\">\n\t\t\t\t\t\t<div class=\"elementor-element elementor-element-865617d elementor-widget elementor-widget-heading\" data-id=\"865617d\" data-element_type=\"widget\" data-widget_type=\"heading.default\">\n\t\t\t\t<div class=\"elementor-widget-container\">\n\t\t\t<h2 class=\"elementor-heading-title elementor-size-default\">SERLIANA, GESTI\u00d3N DE LA CONSTRUCCI\u00d3N S.L.<\/h2>\t\t<\/div>\n\t\t\t\t<\/div>\n\t\t\t\t<div class=\"elementor-element elementor-element-18dcf14 elementor-widget elementor-widget-heading\" data-id=\"18dcf14\" data-element_type=\"widget\" data-widget_type=\"heading.default\">\n\t\t\t\t<div class=\"elementor-widget-container\">\n\t\t\t<h2 class=\"elementor-heading-title elementor-size-default\">Pol\u00edtica de privacidad<\/h2>\t\t<\/div>\n\t\t\t\t<\/div>\n\t\t\t\t<section class=\"has_eae_slider elementor-section elementor-inner-section elementor-element elementor-element-6166b84 elementor-section-boxed elementor-section-height-default elementor-section-height-default\" data-id=\"6166b84\" data-element_type=\"section\">\n\t\t\t\t\t\t<div class=\"elementor-container elementor-column-gap-default\">\n\t\t\t\t\t<div class=\"has_eae_slider elementor-column elementor-col-100 elementor-inner-column elementor-element elementor-element-3e38a56\" data-id=\"3e38a56\" data-element_type=\"column\">\n\t\t\t<div class=\"elementor-widget-wrap elementor-element-populated\">\n\t\t\t\t\t\t<div class=\"elementor-element elementor-element-565aa19 elementor-widget elementor-widget-text-editor\" data-id=\"565aa19\" data-element_type=\"widget\" data-widget_type=\"text-editor.default\">\n\t\t\t\t<div class=\"elementor-widget-container\">\n\t\t\t\t\t\t\t<p>SERLIANA, S.L le informa en esta p\u00e1gina sobre su Pol\u00edtica de Privacidad respecto del tratamiento y protecci\u00f3n de los datos de car\u00e1cter personal de los usuarios y clientes que puedan ser recabados durante la navegaci\u00f3n, al comprar un producto o contratar un servicio a trav\u00e9s de este sitio Web.<\/p><p>En este sentido, SERLIANA, S.L, cumple con el Reglamento (UE) 2016\/679 del Parlamento Europeo y del Consejo de 27 de abril de 2016 relativo a la protecci\u00f3n de las personas f\u00edsicas (RGPD) y garantiza el cumplimiento de la normativa vigente en materia de protecci\u00f3n de datos personales, reflejada en la Ley Org\u00e1nica 3\/2018, de 5 de diciembre, de Protecci\u00f3n de Datos Personales y de Garant\u00eda de Derechos Digitales (LOPD GDD).<\/p><p>El uso de sitio Web implica la aceptaci\u00f3n de esta Pol\u00edtica de Privacidad as\u00ed como las condiciones incluidas en el Aviso Legal<\/p><p><strong>DATOS DEL RESPONSABLE DEL TRATAMIENTO<\/strong><\/p><p>\u2013 Identidad: SERLIANA, S.L (CIF: B98222409)<br \/>\u2013 Direcci\u00f3n f\u00edsica: Carrer del Bisbe Jaume P\u00e9rez, 26 bajo 46004 Valencia. ESPA\u00d1A<br \/>\u2013 Correo electr\u00f3nico: serliana@<span style=\"letter-spacing: -0.16px;\">serliana<\/span>.es<br \/>\u2013 Tel\u00e9fono: +34 96 322 56 15<\/p><p><strong>FINALIDAD DEL TRATAMIENTO DE LOS DATOS<\/strong><\/p><p>La finalidad principal del tratamiento ser\u00e1 gestionar los datos de los clientes a efectos de gesti\u00f3n de pedidos y presupuestos de los productos y servicios tecnol\u00f3gicos que ofertamos, facturaci\u00f3n, incidencias, atenci\u00f3n al cliente mediante servicio de consultas y servicio postventa de soporte y gesti\u00f3n de incidencias y calidad del servicio.<\/p><p>Adem\u00e1s permite usted expresamente al ceder sus datos que podamos contactar con usted por cualquier v\u00eda de contacto facilitada con el objetivo de realizar comunicaciones comerciales o informativas. Cuando usted se suscribe a nuestra gu\u00eda, o realiza un pedido o una consulta, nos facilita su correo electr\u00f3nico, su direcci\u00f3n postal y\/o su tel\u00e9fono y nos est\u00e1 autorizando expresamente a que le enviamos publicidad relacionada con nuestros productos y servicios por cualquier medio (postal, email o tel\u00e9fono) e invitarles a eventos organizados por la empresa.<\/p><p><strong>PLAZO DE CONSERVACI\u00d3N DE LOS DATOS<\/strong><\/p><p>Los datos se conservar\u00e1n en virtud de la legislaci\u00f3n aplicable en el derecho mercantil. Puede ejercer su derecho de cancelaci\u00f3n, rectificaci\u00f3n o eliminaci\u00f3n en cualquier momento.<\/p><p><strong>LEGITIMACI\u00d3N EN EL TRATAMIENTO DE LOS DATOS<\/strong><\/p><p>Base legal: Ejecuci\u00f3n de un contrato (mercantil)<br \/>Obligaci\u00f3n legal (Real Decreto Legislativo 1\/2007, de 16 de noviembre y otras normas complementarias, C\u00f3digo de Comercio)<\/p><p><strong>DESTINATARIOS DE LOS DATOS<\/strong><\/p><p>Cesionario(s): Administraci\u00f3n Tributaria, Entidades Bancarias, Administraci\u00f3n P\u00fablica con competencia en la materia, Empresas colaboradoras<\/p><p><strong>EJERCICIO DE DERECHOS<\/strong><\/p><p>Acceso, rectificaci\u00f3n, oposici\u00f3n, supresi\u00f3n, decisiones automatizadas, limitaci\u00f3n, portabilidad<\/p><p>Plazo de respuesta: 1 mes<\/p><p>Puede ejercer sus derechos a trav\u00e9s del siguiente medio: Email a serliana@serliana.es, aportando documentaci\u00f3n que acredite la identidad del solicitante (copia del anverso del Documento Nacional de Identidad, o equivalente)<\/p><p>En cualquier caso, puede solicitar la tutela de la Agencia Espa\u00f1ola de Protecci\u00f3n de Datos a trav\u00e9s de su p\u00e1gina web<\/p><p><strong>CAMBIOS EN LA PRESENTE POL\u00cdTICA DE PRIVACIDAD<\/strong><\/p><p>Nos reservamos el derecho a modificar la presente pol\u00edtica para adaptarla a novedades legislativas o jurisprudenciales, as\u00ed como a pr\u00e1cticas de la industria. En dichos supuestos, se publicar\u00e1n en esta p\u00e1gina los cambios introducidos.<\/p><div id=\"apus-main-content\"><section id=\"main-container\" class=\"container inner\"><div class=\"row\"><div id=\"main-content\" class=\"main-page col-xs-12 clearfix\"><div id=\"main\" class=\"site-main clearfix\" role=\"main\"><div class=\"elementor elementor-3\" data-elementor-type=\"wp-page\" data-elementor-id=\"3\"><section class=\"elementor-section elementor-top-section elementor-element elementor-element-74c9f5fd elementor-section-boxed elementor-section-height-default elementor-section-height-default\" data-id=\"74c9f5fd\" data-element_type=\"section\"><div class=\"elementor-container elementor-column-gap-default\"><div class=\"elementor-column elementor-col-100 elementor-top-column elementor-element elementor-element-26dc5855\" data-id=\"26dc5855\" data-element_type=\"column\"><div class=\"elementor-widget-wrap elementor-element-populated\"><div class=\"elementor-element elementor-element-51ee5a1c elementor-widget elementor-widget-text-editor\" data-id=\"51ee5a1c\" data-element_type=\"widget\" data-widget_type=\"text-editor.default\"><div class=\"elementor-widget-container\"><table width=\"100%\"><tbody><tr><td colspan=\"2\" width=\"850\"><strong>Tabla resumen acerca de la privacidad de datos<\/strong><\/td><\/tr><tr><td colspan=\"2\" width=\"850\"><strong><br \/>Datos del Responsable<\/strong><\/td><\/tr><tr><td width=\"177\">Identidad<\/td><td width=\"444\">SERLIANA, S.L (CIF: B98222409)<\/td><\/tr><tr><td width=\"177\">Direcci\u00f3n f\u00edsica<\/td><td width=\"444\">Carrer del Bisbe Jaume P\u00e9rez, 26 bajo 46004 Valencia. ESPA\u00d1A<\/td><\/tr><tr><td width=\"177\">Correo electr\u00f3nico<\/td><td width=\"444\">\u00a0serliana@<span style=\"letter-spacing: -0.16px;\">serliana<\/span>.es<\/td><\/tr><tr><td width=\"177\">Tel\u00e9fono<\/td><td width=\"444\">+34 96 322 56 15<\/td><\/tr><tr><td colspan=\"2\" width=\"621\"><strong><br \/>Finalidad en el tratamiento de sus datos<\/strong><\/td><\/tr><tr><td width=\"177\">Principal<\/td><td width=\"444\">Gestionar los datos de los clientes a efectos de gesti\u00f3n de pedidos y presupuestos de los productos y servicios tecnol\u00f3gicos que ofertamos, facturaci\u00f3n, incidencias, atenci\u00f3n al cliente mediante servicio de consultas y servicio postventa de soporte y gesti\u00f3n de incidencias y calidad del servicio.<\/td><\/tr><tr><td width=\"177\">Plazos de conservaci\u00f3n<\/td><td width=\"444\">Los datos se conservar\u00e1n en virtud de la legislaci\u00f3n aplicable en el derecho mercantil<\/td><\/tr><tr><td colspan=\"2\" width=\"621\"><strong><br \/>Legitimaci\u00f3n en el tratamiento de sus datos<\/strong><\/td><\/tr><tr><td width=\"177\">Base legal<\/td><td width=\"444\"><p>Ejecuci\u00f3n de un contrato (mercantil)<\/p><p>Obligaci\u00f3n legal (Real Decreto Legislativo 1\/2007, de 16 de noviembre y otras normas complementarias, C\u00f3digo de Comercio)<\/p><\/td><\/tr><tr><td colspan=\"2\" width=\"621\"><strong><br \/>Destinatarios de sus datos<\/strong><\/td><\/tr><tr><td width=\"177\">Cesionario(s)<\/td><td width=\"444\"><p>Administraci\u00f3n Tributaria, Entidades Bancarias, Administraci\u00f3n P\u00fablica con competencia en la materia<\/p><p>Empresas colaboradoras<\/p><\/td><\/tr><tr><td colspan=\"2\" width=\"621\"><strong><br \/>Ejercicio de derechos<\/strong><\/td><\/tr><tr><td width=\"177\"><p>Acceso, rectificaci\u00f3n, oposici\u00f3n, supresi\u00f3n, decisiones automatizadas, limitaci\u00f3n, portabilidad<\/p><p>Plazo de respuesta:<br \/>1 mes<\/p><\/td><td width=\"444\"><p>Puede ejercer sus derechos a trav\u00e9s del siguiente medio:<\/p><p>Email a\u00a0 serliana@<span style=\"letter-spacing: -0.16px;\">serliana<\/span>.es, aportando documentaci\u00f3n que acredite la identidad del solicitante (copia del anverso del Documento Nacional de Identidad, o equivalente)<\/p><p>En cualquier caso, puede solicitar la tutela de la Agencia Espa\u00f1ola de Protecci\u00f3n de Datos a trav\u00e9s de su p\u00e1gina web<\/p><\/td><\/tr><\/tbody><\/table><\/div><\/div><\/div><\/div><\/div><\/section><\/div><\/div><\/div><\/div><\/section><\/div>\t\t\t\t\t\t<\/div>\n\t\t\t\t<\/div>\n\t\t\t\t\t<\/div>\n\t\t<\/div>\n\t\t\t\t\t<\/div>\n\t\t<\/section>\n\t\t\t\t\t<\/div>\n\t\t<\/div>\n\t\t\t\t\t<\/div>\n\t\t<\/section>\n\t\t\t\t<section class=\"has_eae_slider elementor-section elementor-top-section elementor-element elementor-element-efa30a5 elementor-section-boxed elementor-section-height-default elementor-section-height-default\" data-id=\"efa30a5\" data-element_type=\"section\">\n\t\t\t\t\t\t<div class=\"elementor-container elementor-column-gap-default\">\n\t\t\t\t\t<div class=\"has_eae_slider elementor-column elementor-col-100 elementor-top-column elementor-element elementor-element-425f529\" data-id=\"425f529\" data-element_type=\"column\">\n\t\t\t<div class=\"elementor-widget-wrap\">\n\t\t\t\t\t\t\t<\/div>\n\t\t<\/div>\n\t\t\t\t\t<\/div>\n\t\t<\/section>\n\t\t\t\t<\/div>","protected":false},"excerpt":{"rendered":"<p>SERLIANA Inicio Pol\u00edtica de privacidad SERLIANA, GESTI\u00d3N DE LA CONSTRUCCI\u00d3N S.L. Pol\u00edtica de privacidad SERLIANA, S.L le informa en esta p\u00e1gina sobre su Pol\u00edtica de Privacidad respecto del tratamiento y protecci\u00f3n de los datos de car\u00e1cter personal de los usuarios y clientes que puedan ser recabados durante la navegaci\u00f3n, al comprar un producto o contratar [&hellip;]<\/p>","protected":false},"author":1,"featured_media":0,"parent":0,"menu_order":0,"comment_status":"closed","ping_status":"closed","template":"elementor_header_footer","meta":{"_acf_changed":false,"footnotes":""},"class_list":["post-3349","page","type-page","status-publish","hentry"],"acf":[],"yoast_head":"<!-- This site is optimized with the Yoast SEO plugin v23.4 - https:\/\/yoast.com\/wordpress\/plugins\/seo\/ -->\n<title>Pol\u00edtica de privacidad - SERLIANA S.L.<\/title>\n<meta name=\"robots\" content=\"index, follow, max-snippet:-1, max-image-preview:large, max-video-preview:-1\" \/>\n<link rel=\"canonical\" href=\"https:\/\/serliana.es\/en\/politica-de-privacidad\/\" \/>\n<meta property=\"og:locale\" content=\"en_GB\" \/>\n<meta property=\"og:type\" content=\"article\" \/>\n<meta property=\"og:title\" content=\"Pol\u00edtica de privacidad - SERLIANA S.L.\" \/>\n<meta property=\"og:description\" content=\"SERLIANA Inicio Pol\u00edtica de privacidad SERLIANA, GESTI\u00d3N DE LA CONSTRUCCI\u00d3N S.L. Pol\u00edtica de privacidad SERLIANA, S.L le informa en esta p\u00e1gina sobre su Pol\u00edtica de Privacidad respecto del tratamiento y protecci\u00f3n de los datos de car\u00e1cter personal de los usuarios y clientes que puedan ser recabados durante la navegaci\u00f3n, al comprar un producto o contratar [&hellip;]\" \/>\n<meta property=\"og:url\" content=\"https:\/\/serliana.es\/en\/politica-de-privacidad\/\" \/>\n<meta property=\"og:site_name\" content=\"SERLIANA S.L.\" \/>\n<meta property=\"article:modified_time\" content=\"2024-10-02T12:41:14+00:00\" \/>\n<meta name=\"twitter:card\" content=\"summary_large_image\" \/>\n<meta name=\"twitter:label1\" content=\"Estimated reading time\" \/>\n\t<meta name=\"twitter:data1\" content=\"5 minutes\" \/>\n<script type=\"application\/ld+json\" class=\"yoast-schema-graph\">{\"@context\":\"https:\/\/schema.org\",\"@graph\":[{\"@type\":\"WebPage\",\"@id\":\"https:\/\/serliana.es\/politica-de-privacidad\/\",\"url\":\"https:\/\/serliana.es\/politica-de-privacidad\/\",\"name\":\"Pol\u00edtica de privacidad - SERLIANA S.L.\",\"isPartOf\":{\"@id\":\"https:\/\/serliana.es\/#website\"},\"datePublished\":\"2024-09-16T11:44:23+00:00\",\"dateModified\":\"2024-10-02T12:41:14+00:00\",\"breadcrumb\":{\"@id\":\"https:\/\/serliana.es\/politica-de-privacidad\/#breadcrumb\"},\"inLanguage\":\"en-GB\",\"potentialAction\":[{\"@type\":\"ReadAction\",\"target\":[\"https:\/\/serliana.es\/politica-de-privacidad\/\"]}]},{\"@type\":\"BreadcrumbList\",\"@id\":\"https:\/\/serliana.es\/politica-de-privacidad\/#breadcrumb\",\"itemListElement\":[{\"@type\":\"ListItem\",\"position\":1,\"name\":\"Portada\",\"item\":\"https:\/\/serliana.es\/\"},{\"@type\":\"ListItem\",\"position\":2,\"name\":\"Pol\u00edtica de privacidad\"}]},{\"@type\":\"WebSite\",\"@id\":\"https:\/\/serliana.es\/#website\",\"url\":\"https:\/\/serliana.es\/\",\"name\":\"SERLIANA S.L.\",\"description\":\"Rehabilitaci\u00f3n y construcci\u00f3n\",\"publisher\":{\"@id\":\"https:\/\/serliana.es\/#organization\"},\"potentialAction\":[{\"@type\":\"SearchAction\",\"target\":{\"@type\":\"EntryPoint\",\"urlTemplate\":\"https:\/\/serliana.es\/?s={search_term_string}\"},\"query-input\":{\"@type\":\"PropertyValueSpecification\",\"valueRequired\":true,\"valueName\":\"search_term_string\"}}],\"inLanguage\":\"en-GB\"},{\"@type\":\"Organization\",\"@id\":\"https:\/\/serliana.es\/#organization\",\"name\":\"SERLIANA S.L.\",\"url\":\"https:\/\/serliana.es\/\",\"logo\":{\"@type\":\"ImageObject\",\"inLanguage\":\"en-GB\",\"@id\":\"https:\/\/serliana.es\/#\/schema\/logo\/image\/\",\"url\":\"https:\/\/serliana.es\/wp-content\/uploads\/2023\/12\/logo-serliana-negro.jpg\",\"contentUrl\":\"https:\/\/serliana.es\/wp-content\/uploads\/2023\/12\/logo-serliana-negro.jpg\",\"width\":300,\"height\":246,\"caption\":\"SERLIANA S.L.\"},\"image\":{\"@id\":\"https:\/\/serliana.es\/#\/schema\/logo\/image\/\"}}]}<\/script>\n<!-- \/ Yoast SEO plugin. -->","yoast_head_json":{"title":"Pol\u00edtica de privacidad - SERLIANA S.L.","robots":{"index":"index","follow":"follow","max-snippet":"max-snippet:-1","max-image-preview":"max-image-preview:large","max-video-preview":"max-video-preview:-1"},"canonical":"https:\/\/serliana.es\/en\/politica-de-privacidad\/","og_locale":"en_GB","og_type":"article","og_title":"Pol\u00edtica de privacidad - SERLIANA S.L.","og_description":"SERLIANA Inicio Pol\u00edtica de privacidad SERLIANA, GESTI\u00d3N DE LA CONSTRUCCI\u00d3N S.L. Pol\u00edtica de privacidad SERLIANA, S.L le informa en esta p\u00e1gina sobre su Pol\u00edtica de Privacidad respecto del tratamiento y protecci\u00f3n de los datos de car\u00e1cter personal de los usuarios y clientes que puedan ser recabados durante la navegaci\u00f3n, al comprar un producto o contratar [&hellip;]","og_url":"https:\/\/serliana.es\/en\/politica-de-privacidad\/","og_site_name":"SERLIANA S.L.","article_modified_time":"2024-10-02T12:41:14+00:00","twitter_card":"summary_large_image","twitter_misc":{"Estimated reading time":"5 minutes"},"schema":{"@context":"https:\/\/schema.org","@graph":[{"@type":"WebPage","@id":"https:\/\/serliana.es\/politica-de-privacidad\/","url":"https:\/\/serliana.es\/politica-de-privacidad\/","name":"Pol\u00edtica de privacidad - SERLIANA S.L.","isPartOf":{"@id":"https:\/\/serliana.es\/#website"},"datePublished":"2024-09-16T11:44:23+00:00","dateModified":"2024-10-02T12:41:14+00:00","breadcrumb":{"@id":"https:\/\/serliana.es\/politica-de-privacidad\/#breadcrumb"},"inLanguage":"en-GB","potentialAction":[{"@type":"ReadAction","target":["https:\/\/serliana.es\/politica-de-privacidad\/"]}]},{"@type":"BreadcrumbList","@id":"https:\/\/serliana.es\/politica-de-privacidad\/#breadcrumb","itemListElement":[{"@type":"ListItem","position":1,"name":"Portada","item":"https:\/\/serliana.es\/"},{"@type":"ListItem","position":2,"name":"Pol\u00edtica de privacidad"}]},{"@type":"WebSite","@id":"https:\/\/serliana.es\/#website","url":"https:\/\/serliana.es\/","name":"SERLIANA S.L.","description":"Rehabilitaci\u00f3n y construcci\u00f3n","publisher":{"@id":"https:\/\/serliana.es\/#organization"},"potentialAction":[{"@type":"SearchAction","target":{"@type":"EntryPoint","urlTemplate":"https:\/\/serliana.es\/?s={search_term_string}"},"query-input":{"@type":"PropertyValueSpecification","valueRequired":true,"valueName":"search_term_string"}}],"inLanguage":"en-GB"},{"@type":"Organization","@id":"https:\/\/serliana.es\/#organization","name":"SERLIANA S.L.","url":"https:\/\/serliana.es\/","logo":{"@type":"ImageObject","inLanguage":"en-GB","@id":"https:\/\/serliana.es\/#\/schema\/logo\/image\/","url":"https:\/\/serliana.es\/wp-content\/uploads\/2023\/12\/logo-serliana-negro.jpg","contentUrl":"https:\/\/serliana.es\/wp-content\/uploads\/2023\/12\/logo-serliana-negro.jpg","width":300,"height":246,"caption":"SERLIANA S.L."},"image":{"@id":"https:\/\/serliana.es\/#\/schema\/logo\/image\/"}}]}},"_links":{"self":[{"href":"https:\/\/serliana.es\/en\/wp-json\/wp\/v2\/pages\/3349","targetHints":{"allow":["GET"]}}],"collection":[{"href":"https:\/\/serliana.es\/en\/wp-json\/wp\/v2\/pages"}],"about":[{"href":"https:\/\/serliana.es\/en\/wp-json\/wp\/v2\/types\/page"}],"author":[{"embeddable":true,"href":"https:\/\/serliana.es\/en\/wp-json\/wp\/v2\/users\/1"}],"replies":[{"embeddable":true,"href":"https:\/\/serliana.es\/en\/wp-json\/wp\/v2\/comments?post=3349"}],"version-history":[{"count":16,"href":"https:\/\/serliana.es\/en\/wp-json\/wp\/v2\/pages\/3349\/revisions"}],"predecessor-version":[{"id":3625,"href":"https:\/\/serliana.es\/en\/wp-json\/wp\/v2\/pages\/3349\/revisions\/3625"}],"wp:attachment":[{"href":"https:\/\/serliana.es\/en\/wp-json\/wp\/v2\/media?parent=3349"}],"curies":[{"name":"wp","href":"https:\/\/api.w.org\/{rel}","templated":true}]}}