{"id":3347,"date":"2024-09-16T13:43:43","date_gmt":"2024-09-16T11:43:43","guid":{"rendered":"https:\/\/web2024ok.serliana.es\/?page_id=3347"},"modified":"2024-09-17T14:52:53","modified_gmt":"2024-09-17T12:52:53","slug":"politica-de-cookies","status":"publish","type":"page","link":"https:\/\/serliana.es\/en\/politica-de-cookies\/","title":{"rendered":"Pol\u00edtica de cookies"},"content":{"rendered":"<div data-elementor-type=\"wp-page\" data-elementor-id=\"3347\" class=\"elementor elementor-3347\" data-elementor-post-type=\"page\">\n\t\t\t\t\t\t<section class=\"has_eae_slider elementor-section elementor-top-section elementor-element elementor-element-8beb2bc bef-cl elementor-section-boxed elementor-section-height-default elementor-section-height-default\" data-id=\"8beb2bc\" data-element_type=\"section\" data-settings=\"{&quot;background_background&quot;:&quot;classic&quot;}\">\n\t\t\t\t\t\t<div class=\"elementor-container elementor-column-gap-default\">\n\t\t\t\t\t<div class=\"has_eae_slider elementor-column elementor-col-50 elementor-top-column elementor-element elementor-element-c09b74a\" data-id=\"c09b74a\" data-element_type=\"column\">\n\t\t\t<div class=\"elementor-widget-wrap elementor-element-populated\">\n\t\t\t\t\t\t<section class=\"has_eae_slider elementor-section elementor-inner-section elementor-element elementor-element-e1e2481 elementor-section-boxed elementor-section-height-default elementor-section-height-default\" data-id=\"e1e2481\" data-element_type=\"section\">\n\t\t\t\t\t\t<div class=\"elementor-container elementor-column-gap-default\">\n\t\t\t\t\t<div class=\"has_eae_slider elementor-column elementor-col-100 elementor-inner-column elementor-element elementor-element-8cf7949 po-r subbanner-be\" data-id=\"8cf7949\" data-element_type=\"column\">\n\t\t\t<div class=\"elementor-widget-wrap elementor-element-populated\">\n\t\t\t\t\t\t<div class=\"elementor-element elementor-element-f24b231 elementor-widget elementor-widget-heading\" data-id=\"f24b231\" data-element_type=\"widget\" data-widget_type=\"heading.default\">\n\t\t\t\t<div class=\"elementor-widget-container\">\n\t\t\t<h2 class=\"elementor-heading-title elementor-size-default\">SERLIANA<\/h2>\t\t<\/div>\n\t\t\t\t<\/div>\n\t\t\t\t<div class=\"elementor-element elementor-element-2cb5366 elementor-widget elementor-widget-html\" data-id=\"2cb5366\" data-element_type=\"widget\" data-widget_type=\"html.default\">\n\t\t\t\t<div class=\"elementor-widget-container\">\n\t\t\t<div class=\"breadcrumb-link\">\r\n<span>\r\n<a href=\"\/en\/\">\r\nInicio\r\n<\/a>\r\n<\/span> \r\n<span class=\"currentm\">\r\nPol\u00edtica de cookies<\/span>\r\n<\/div>\t\t<\/div>\n\t\t\t\t<\/div>\n\t\t\t\t\t<\/div>\n\t\t<\/div>\n\t\t\t\t\t<\/div>\n\t\t<\/section>\n\t\t\t\t\t<\/div>\n\t\t<\/div>\n\t\t\t\t<div class=\"has_eae_slider elementor-column elementor-col-50 elementor-top-column elementor-element elementor-element-6a1ce63\" data-id=\"6a1ce63\" data-element_type=\"column\">\n\t\t\t<div class=\"elementor-widget-wrap\">\n\t\t\t\t\t\t\t<\/div>\n\t\t<\/div>\n\t\t\t\t\t<\/div>\n\t\t<\/section>\n\t\t\t\t<section class=\"has_eae_slider elementor-section elementor-top-section elementor-element elementor-element-f65740d elementor-section-boxed elementor-section-height-default elementor-section-height-default\" data-id=\"f65740d\" data-element_type=\"section\">\n\t\t\t\t\t\t<div class=\"elementor-container elementor-column-gap-default\">\n\t\t\t\t\t<div class=\"has_eae_slider elementor-column elementor-col-100 elementor-top-column elementor-element elementor-element-e169b44\" data-id=\"e169b44\" data-element_type=\"column\">\n\t\t\t<div class=\"elementor-widget-wrap elementor-element-populated\">\n\t\t\t\t\t\t<div class=\"elementor-element elementor-element-865617d elementor-widget elementor-widget-heading\" data-id=\"865617d\" data-element_type=\"widget\" data-widget_type=\"heading.default\">\n\t\t\t\t<div class=\"elementor-widget-container\">\n\t\t\t<h2 class=\"elementor-heading-title elementor-size-default\">SERLIANA, GESTI\u00d3N DE LA CONSTRUCCI\u00d3N S.L.<\/h2>\t\t<\/div>\n\t\t\t\t<\/div>\n\t\t\t\t<div class=\"elementor-element elementor-element-18dcf14 elementor-widget elementor-widget-heading\" data-id=\"18dcf14\" data-element_type=\"widget\" data-widget_type=\"heading.default\">\n\t\t\t\t<div class=\"elementor-widget-container\">\n\t\t\t<h2 class=\"elementor-heading-title elementor-size-default\">Pol\u00edtica de cookies<\/h2>\t\t<\/div>\n\t\t\t\t<\/div>\n\t\t\t\t<section class=\"has_eae_slider elementor-section elementor-inner-section elementor-element elementor-element-6166b84 elementor-section-boxed elementor-section-height-default elementor-section-height-default\" data-id=\"6166b84\" data-element_type=\"section\">\n\t\t\t\t\t\t<div class=\"elementor-container elementor-column-gap-default\">\n\t\t\t\t\t<div class=\"has_eae_slider elementor-column elementor-col-100 elementor-inner-column elementor-element elementor-element-3e38a56\" data-id=\"3e38a56\" data-element_type=\"column\">\n\t\t\t<div class=\"elementor-widget-wrap elementor-element-populated\">\n\t\t\t\t\t\t<div class=\"elementor-element elementor-element-565aa19 elementor-widget elementor-widget-text-editor\" data-id=\"565aa19\" data-element_type=\"widget\" data-widget_type=\"text-editor.default\">\n\t\t\t\t<div class=\"elementor-widget-container\">\n\t\t\t\t\t\t\t<div class=\"kc-css-237871 kc_text_block\"><p>Una\u00a0<strong>cookie<\/strong>\u00a0es un peque\u00f1o fichero de texto que se almacena en su navegador cuando visita casi cualquier p\u00e1gina web. Su utilidad es que la web sea capaz de recordar su visita cuando vuelva a navegar por esa p\u00e1gina. Las cookies suelen almacenar informaci\u00f3n de car\u00e1cter t\u00e9cnico, preferencias personales, personalizaci\u00f3n de contenidos, estad\u00edsticas de uso, enlaces a redes sociales, acceso a cuentas de usuario, etc. El objetivo de la cookie es adaptar el contenido de la web a su perfil y necesidades, sin cookies los servicios ofrecidos por cualquier p\u00e1gina se ver\u00edan mermados notablemente.<\/p><p><strong>Cookies utilizadas en este sitio web<\/strong><\/p><p>Siguiendo las directrices de la Agencia Espa\u00f1ola de Protecci\u00f3n de Datos procedemos a detallar el uso de cookies que hace esta web con el fin de informarle con la m\u00e1xima exactitud posible.<\/p><p>Este sitio web utiliza las siguientes cookies propias:<\/p><p>\u2013\u00a0<strong>Cookies de sesi\u00f3n<\/strong>, para garantizar que los usuarios que escriban comentarios en el blog sean humanos y no aplicaciones automatizadas. De esta forma se combate el spam.<br \/>Este sitio web utiliza las siguientes cookies de terceros:<\/p><p>\u2013\u00a0<strong>Google Analytics<\/strong>: Almacena cookies para poder elaborar estad\u00edsticas sobre el tr\u00e1fico y volumen de visitas de esta web. Al utilizar este sitio web est\u00e1 consintiendo el tratamiento de informaci\u00f3n acerca de usted por Google. Por tanto, el ejercicio de cualquier derecho en este sentido deber\u00e1 hacerlo comunicando directamente con Google.<\/p><p>\u2013<strong>\u00a0Redes sociales<\/strong>: Cada red social utiliza sus propias cookies para que usted pueda pinchar en botones del tipo Me gusta o Compartir.<\/p><p><strong>Desactivaci\u00f3n o eliminaci\u00f3n de cookies<\/strong><\/p><p>En cualquier momento podr\u00e1 ejercer su derecho de desactivaci\u00f3n o eliminaci\u00f3n de cookies de este sitio web. Estas acciones se realizan de forma diferente en funci\u00f3n del navegador que est\u00e9 usando.<\/p><p><strong>Notas adicionales<\/strong><\/p><p>\u2013 Ni esta web ni sus representantes legales se hacen responsables ni del contenido ni de la veracidad de las pol\u00edticas de privacidad que puedan tener los terceros mencionados en esta pol\u00edtica de cookies.<br \/>\u2013 Los navegadores web son las herramientas encargadas de almacenar las cookies y desde este lugar debe efectuar su derecho a eliminaci\u00f3n o desactivaci\u00f3n de las mismas. Ni esta web ni sus representantes legales pueden garantizar la correcta o incorrecta manipulaci\u00f3n de las cookies por parte de los mencionados navegadores.<br \/>\u2013 En algunos casos es necesario instalar cookies para que el navegador no olvide su decisi\u00f3n de no aceptaci\u00f3n de las mismas.<br \/>\u2013 En el caso de las cookies de Google Analytics, esta empresa almacena las cookies en servidores ubicados en Estados Unidos y se compromete a no compartirla con terceros, excepto en los casos en los que sea necesario para el funcionamiento del sistema o cuando la ley obligue a tal efecto. Seg\u00fan Google no guarda su direcci\u00f3n IP. Google Inc. es una compa\u00f1\u00eda adherida al Acuerdo de Puerto Seguro que garantiza que todos los datos transferidos ser\u00e1n tratados con un nivel de protecci\u00f3n acorde a la normativa europea.<br \/>\u2013 Para cualquier duda o consulta acerca de esta pol\u00edtica de cookies no dude en comunicarse con nosotros a trav\u00e9s de la secci\u00f3n de contacto.<\/p><\/div>\t\t\t\t\t\t<\/div>\n\t\t\t\t<\/div>\n\t\t\t\t\t<\/div>\n\t\t<\/div>\n\t\t\t\t\t<\/div>\n\t\t<\/section>\n\t\t\t\t\t<\/div>\n\t\t<\/div>\n\t\t\t\t\t<\/div>\n\t\t<\/section>\n\t\t\t\t<section class=\"has_eae_slider elementor-section elementor-top-section elementor-element elementor-element-efa30a5 elementor-section-boxed elementor-section-height-default elementor-section-height-default\" data-id=\"efa30a5\" data-element_type=\"section\">\n\t\t\t\t\t\t<div class=\"elementor-container elementor-column-gap-default\">\n\t\t\t\t\t<div class=\"has_eae_slider elementor-column elementor-col-100 elementor-top-column elementor-element elementor-element-425f529\" data-id=\"425f529\" data-element_type=\"column\">\n\t\t\t<div class=\"elementor-widget-wrap\">\n\t\t\t\t\t\t\t<\/div>\n\t\t<\/div>\n\t\t\t\t\t<\/div>\n\t\t<\/section>\n\t\t\t\t<\/div>","protected":false},"excerpt":{"rendered":"<p>SERLIANA Inicio Pol\u00edtica de cookies SERLIANA, GESTI\u00d3N DE LA CONSTRUCCI\u00d3N S.L. Pol\u00edtica de cookies Una\u00a0cookie\u00a0es un peque\u00f1o fichero de texto que se almacena en su navegador cuando visita casi cualquier p\u00e1gina web. Su utilidad es que la web sea capaz de recordar su visita cuando vuelva a navegar por esa p\u00e1gina. Las cookies suelen almacenar [&hellip;]<\/p>","protected":false},"author":1,"featured_media":0,"parent":0,"menu_order":0,"comment_status":"closed","ping_status":"closed","template":"elementor_header_footer","meta":{"_acf_changed":false,"footnotes":""},"class_list":["post-3347","page","type-page","status-publish","hentry"],"acf":[],"yoast_head":"<!-- This site is optimized with the Yoast SEO plugin v23.4 - https:\/\/yoast.com\/wordpress\/plugins\/seo\/ -->\n<title>Pol\u00edtica de cookies - SERLIANA S.L.<\/title>\n<meta name=\"robots\" content=\"index, follow, max-snippet:-1, max-image-preview:large, max-video-preview:-1\" \/>\n<link rel=\"canonical\" href=\"https:\/\/serliana.es\/en\/politica-de-cookies\/\" \/>\n<meta property=\"og:locale\" content=\"en_GB\" \/>\n<meta property=\"og:type\" content=\"article\" \/>\n<meta property=\"og:title\" content=\"Pol\u00edtica de cookies - SERLIANA S.L.\" \/>\n<meta property=\"og:description\" content=\"SERLIANA Inicio Pol\u00edtica de cookies SERLIANA, GESTI\u00d3N DE LA CONSTRUCCI\u00d3N S.L. Pol\u00edtica de cookies Una\u00a0cookie\u00a0es un peque\u00f1o fichero de texto que se almacena en su navegador cuando visita casi cualquier p\u00e1gina web. Su utilidad es que la web sea capaz de recordar su visita cuando vuelva a navegar por esa p\u00e1gina. Las cookies suelen almacenar [&hellip;]\" \/>\n<meta property=\"og:url\" content=\"https:\/\/serliana.es\/en\/politica-de-cookies\/\" \/>\n<meta property=\"og:site_name\" content=\"SERLIANA S.L.\" \/>\n<meta property=\"article:modified_time\" content=\"2024-09-17T12:52:53+00:00\" \/>\n<meta name=\"twitter:card\" content=\"summary_large_image\" \/>\n<meta name=\"twitter:label1\" content=\"Estimated reading time\" \/>\n\t<meta name=\"twitter:data1\" content=\"3 minutes\" \/>\n<script type=\"application\/ld+json\" class=\"yoast-schema-graph\">{\"@context\":\"https:\/\/schema.org\",\"@graph\":[{\"@type\":\"WebPage\",\"@id\":\"https:\/\/serliana.es\/politica-de-cookies\/\",\"url\":\"https:\/\/serliana.es\/politica-de-cookies\/\",\"name\":\"Pol\u00edtica de cookies - SERLIANA S.L.\",\"isPartOf\":{\"@id\":\"https:\/\/serliana.es\/#website\"},\"datePublished\":\"2024-09-16T11:43:43+00:00\",\"dateModified\":\"2024-09-17T12:52:53+00:00\",\"breadcrumb\":{\"@id\":\"https:\/\/serliana.es\/politica-de-cookies\/#breadcrumb\"},\"inLanguage\":\"en-GB\",\"potentialAction\":[{\"@type\":\"ReadAction\",\"target\":[\"https:\/\/serliana.es\/politica-de-cookies\/\"]}]},{\"@type\":\"BreadcrumbList\",\"@id\":\"https:\/\/serliana.es\/politica-de-cookies\/#breadcrumb\",\"itemListElement\":[{\"@type\":\"ListItem\",\"position\":1,\"name\":\"Portada\",\"item\":\"https:\/\/serliana.es\/\"},{\"@type\":\"ListItem\",\"position\":2,\"name\":\"Pol\u00edtica de cookies\"}]},{\"@type\":\"WebSite\",\"@id\":\"https:\/\/serliana.es\/#website\",\"url\":\"https:\/\/serliana.es\/\",\"name\":\"SERLIANA S.L.\",\"description\":\"Rehabilitaci\u00f3n y construcci\u00f3n\",\"publisher\":{\"@id\":\"https:\/\/serliana.es\/#organization\"},\"potentialAction\":[{\"@type\":\"SearchAction\",\"target\":{\"@type\":\"EntryPoint\",\"urlTemplate\":\"https:\/\/serliana.es\/?s={search_term_string}\"},\"query-input\":{\"@type\":\"PropertyValueSpecification\",\"valueRequired\":true,\"valueName\":\"search_term_string\"}}],\"inLanguage\":\"en-GB\"},{\"@type\":\"Organization\",\"@id\":\"https:\/\/serliana.es\/#organization\",\"name\":\"SERLIANA S.L.\",\"url\":\"https:\/\/serliana.es\/\",\"logo\":{\"@type\":\"ImageObject\",\"inLanguage\":\"en-GB\",\"@id\":\"https:\/\/serliana.es\/#\/schema\/logo\/image\/\",\"url\":\"https:\/\/serliana.es\/wp-content\/uploads\/2023\/12\/logo-serliana-negro.jpg\",\"contentUrl\":\"https:\/\/serliana.es\/wp-content\/uploads\/2023\/12\/logo-serliana-negro.jpg\",\"width\":300,\"height\":246,\"caption\":\"SERLIANA S.L.\"},\"image\":{\"@id\":\"https:\/\/serliana.es\/#\/schema\/logo\/image\/\"}}]}<\/script>\n<!-- \/ Yoast SEO plugin. -->","yoast_head_json":{"title":"Pol\u00edtica de cookies - SERLIANA S.L.","robots":{"index":"index","follow":"follow","max-snippet":"max-snippet:-1","max-image-preview":"max-image-preview:large","max-video-preview":"max-video-preview:-1"},"canonical":"https:\/\/serliana.es\/en\/politica-de-cookies\/","og_locale":"en_GB","og_type":"article","og_title":"Pol\u00edtica de cookies - SERLIANA S.L.","og_description":"SERLIANA Inicio Pol\u00edtica de cookies SERLIANA, GESTI\u00d3N DE LA CONSTRUCCI\u00d3N S.L. Pol\u00edtica de cookies Una\u00a0cookie\u00a0es un peque\u00f1o fichero de texto que se almacena en su navegador cuando visita casi cualquier p\u00e1gina web. Su utilidad es que la web sea capaz de recordar su visita cuando vuelva a navegar por esa p\u00e1gina. Las cookies suelen almacenar [&hellip;]","og_url":"https:\/\/serliana.es\/en\/politica-de-cookies\/","og_site_name":"SERLIANA S.L.","article_modified_time":"2024-09-17T12:52:53+00:00","twitter_card":"summary_large_image","twitter_misc":{"Estimated reading time":"3 minutes"},"schema":{"@context":"https:\/\/schema.org","@graph":[{"@type":"WebPage","@id":"https:\/\/serliana.es\/politica-de-cookies\/","url":"https:\/\/serliana.es\/politica-de-cookies\/","name":"Pol\u00edtica de cookies - SERLIANA S.L.","isPartOf":{"@id":"https:\/\/serliana.es\/#website"},"datePublished":"2024-09-16T11:43:43+00:00","dateModified":"2024-09-17T12:52:53+00:00","breadcrumb":{"@id":"https:\/\/serliana.es\/politica-de-cookies\/#breadcrumb"},"inLanguage":"en-GB","potentialAction":[{"@type":"ReadAction","target":["https:\/\/serliana.es\/politica-de-cookies\/"]}]},{"@type":"BreadcrumbList","@id":"https:\/\/serliana.es\/politica-de-cookies\/#breadcrumb","itemListElement":[{"@type":"ListItem","position":1,"name":"Portada","item":"https:\/\/serliana.es\/"},{"@type":"ListItem","position":2,"name":"Pol\u00edtica de cookies"}]},{"@type":"WebSite","@id":"https:\/\/serliana.es\/#website","url":"https:\/\/serliana.es\/","name":"SERLIANA S.L.","description":"Rehabilitaci\u00f3n y construcci\u00f3n","publisher":{"@id":"https:\/\/serliana.es\/#organization"},"potentialAction":[{"@type":"SearchAction","target":{"@type":"EntryPoint","urlTemplate":"https:\/\/serliana.es\/?s={search_term_string}"},"query-input":{"@type":"PropertyValueSpecification","valueRequired":true,"valueName":"search_term_string"}}],"inLanguage":"en-GB"},{"@type":"Organization","@id":"https:\/\/serliana.es\/#organization","name":"SERLIANA S.L.","url":"https:\/\/serliana.es\/","logo":{"@type":"ImageObject","inLanguage":"en-GB","@id":"https:\/\/serliana.es\/#\/schema\/logo\/image\/","url":"https:\/\/serliana.es\/wp-content\/uploads\/2023\/12\/logo-serliana-negro.jpg","contentUrl":"https:\/\/serliana.es\/wp-content\/uploads\/2023\/12\/logo-serliana-negro.jpg","width":300,"height":246,"caption":"SERLIANA S.L."},"image":{"@id":"https:\/\/serliana.es\/#\/schema\/logo\/image\/"}}]}},"_links":{"self":[{"href":"https:\/\/serliana.es\/en\/wp-json\/wp\/v2\/pages\/3347","targetHints":{"allow":["GET"]}}],"collection":[{"href":"https:\/\/serliana.es\/en\/wp-json\/wp\/v2\/pages"}],"about":[{"href":"https:\/\/serliana.es\/en\/wp-json\/wp\/v2\/types\/page"}],"author":[{"embeddable":true,"href":"https:\/\/serliana.es\/en\/wp-json\/wp\/v2\/users\/1"}],"replies":[{"embeddable":true,"href":"https:\/\/serliana.es\/en\/wp-json\/wp\/v2\/comments?post=3347"}],"version-history":[{"count":7,"href":"https:\/\/serliana.es\/en\/wp-json\/wp\/v2\/pages\/3347\/revisions"}],"predecessor-version":[{"id":3498,"href":"https:\/\/serliana.es\/en\/wp-json\/wp\/v2\/pages\/3347\/revisions\/3498"}],"wp:attachment":[{"href":"https:\/\/serliana.es\/en\/wp-json\/wp\/v2\/media?parent=3347"}],"curies":[{"name":"wp","href":"https:\/\/api.w.org\/{rel}","templated":true}]}}