{"id":3244,"date":"2024-09-16T12:20:01","date_gmt":"2024-09-16T10:20:01","guid":{"rendered":"https:\/\/web2024ok.serliana.es\/?page_id=3244"},"modified":"2024-09-17T14:57:37","modified_gmt":"2024-09-17T12:57:37","slug":"ruzafa","status":"publish","type":"page","link":"https:\/\/serliana.es\/en\/ruzafa\/","title":{"rendered":"Ruzafa"},"content":{"rendered":"<div data-elementor-type=\"wp-page\" data-elementor-id=\"3244\" class=\"elementor elementor-3244\" data-elementor-post-type=\"page\">\n\t\t\t\t\t\t<section class=\"has_eae_slider elementor-section elementor-top-section elementor-element elementor-element-8beb2bc bef-cl elementor-section-boxed elementor-section-height-default elementor-section-height-default\" data-id=\"8beb2bc\" data-element_type=\"section\" data-settings=\"{&quot;background_background&quot;:&quot;classic&quot;}\">\n\t\t\t\t\t\t<div class=\"elementor-container elementor-column-gap-default\">\n\t\t\t\t\t<div class=\"has_eae_slider elementor-column elementor-col-50 elementor-top-column elementor-element elementor-element-c09b74a\" data-id=\"c09b74a\" data-element_type=\"column\">\n\t\t\t<div class=\"elementor-widget-wrap elementor-element-populated\">\n\t\t\t\t\t\t<section class=\"has_eae_slider elementor-section elementor-inner-section elementor-element elementor-element-e1e2481 elementor-section-boxed elementor-section-height-default elementor-section-height-default\" data-id=\"e1e2481\" data-element_type=\"section\">\n\t\t\t\t\t\t<div class=\"elementor-container elementor-column-gap-default\">\n\t\t\t\t\t<div class=\"has_eae_slider elementor-column elementor-col-100 elementor-inner-column elementor-element elementor-element-8cf7949 po-r subbanner-be\" data-id=\"8cf7949\" data-element_type=\"column\">\n\t\t\t<div class=\"elementor-widget-wrap elementor-element-populated\">\n\t\t\t\t\t\t<div class=\"elementor-element elementor-element-f24b231 elementor-widget elementor-widget-heading\" data-id=\"f24b231\" data-element_type=\"widget\" data-widget_type=\"heading.default\">\n\t\t\t\t<div class=\"elementor-widget-container\">\n\t\t\t<h2 class=\"elementor-heading-title elementor-size-default\">SERLIANA<\/h2>\t\t<\/div>\n\t\t\t\t<\/div>\n\t\t\t\t<div class=\"elementor-element elementor-element-2cb5366 elementor-widget elementor-widget-html\" data-id=\"2cb5366\" data-element_type=\"widget\" data-widget_type=\"html.default\">\n\t\t\t\t<div class=\"elementor-widget-container\">\n\t\t\t<div class=\"breadcrumb-link\">\r\n<span>\r\n<a href=\"\/en\/\">\r\nInicio\r\n<\/a>\r\n<\/span> \r\n<span class=\"currentm\">\r\nTrabajos realizados                             <\/span>\r\n<\/div>\t\t<\/div>\n\t\t\t\t<\/div>\n\t\t\t\t\t<\/div>\n\t\t<\/div>\n\t\t\t\t\t<\/div>\n\t\t<\/section>\n\t\t\t\t\t<\/div>\n\t\t<\/div>\n\t\t\t\t<div class=\"has_eae_slider elementor-column elementor-col-50 elementor-top-column elementor-element elementor-element-6a1ce63\" data-id=\"6a1ce63\" data-element_type=\"column\">\n\t\t\t<div class=\"elementor-widget-wrap\">\n\t\t\t\t\t\t\t<\/div>\n\t\t<\/div>\n\t\t\t\t\t<\/div>\n\t\t<\/section>\n\t\t\t\t<section class=\"has_eae_slider elementor-section elementor-top-section elementor-element elementor-element-fe55f15 elementor-section-boxed elementor-section-height-default elementor-section-height-default\" data-id=\"fe55f15\" data-element_type=\"section\">\n\t\t\t\t\t\t<div class=\"elementor-container elementor-column-gap-default\">\n\t\t\t\t\t<div class=\"has_eae_slider elementor-column elementor-col-50 elementor-top-column elementor-element elementor-element-8a1c169\" data-id=\"8a1c169\" data-element_type=\"column\">\n\t\t\t<div class=\"elementor-widget-wrap elementor-element-populated\">\n\t\t\t\t\t\t<section class=\"has_eae_slider elementor-section elementor-inner-section elementor-element elementor-element-c165e16 elementor-section-boxed elementor-section-height-default elementor-section-height-default\" data-id=\"c165e16\" data-element_type=\"section\">\n\t\t\t\t\t\t<div class=\"elementor-container elementor-column-gap-default\">\n\t\t\t\t\t<div class=\"has_eae_slider elementor-column elementor-col-100 elementor-inner-column elementor-element elementor-element-560b8e6\" data-id=\"560b8e6\" data-element_type=\"column\">\n\t\t\t<div class=\"elementor-widget-wrap elementor-element-populated\">\n\t\t\t\t\t\t<div class=\"elementor-element elementor-element-d1966fd elementor-widget elementor-widget-heading\" data-id=\"d1966fd\" data-element_type=\"widget\" data-widget_type=\"heading.default\">\n\t\t\t\t<div class=\"elementor-widget-container\">\n\t\t\t<h2 class=\"elementor-heading-title elementor-size-default\">SERLIANA, GESTI\u00d3N DE LA CONSTRUCCI\u00d3N S.L.<\/h2>\t\t<\/div>\n\t\t\t\t<\/div>\n\t\t\t\t<div class=\"elementor-element elementor-element-aaae565 elementor-widget elementor-widget-heading\" data-id=\"aaae565\" data-element_type=\"widget\" data-widget_type=\"heading.default\">\n\t\t\t\t<div class=\"elementor-widget-container\">\n\t\t\t<h2 class=\"elementor-heading-title elementor-size-default\">Ruzafa<\/h2>\t\t<\/div>\n\t\t\t\t<\/div>\n\t\t\t\t<div class=\"elementor-element elementor-element-41f3f27 elementor-widget elementor-widget-heading\" data-id=\"41f3f27\" data-element_type=\"widget\" data-widget_type=\"heading.default\">\n\t\t\t\t<div class=\"elementor-widget-container\">\n\t\t\t<h2 class=\"elementor-heading-title elementor-size-default\">Zagu\u00e1n con un nuevo ascensor<\/h2>\t\t<\/div>\n\t\t\t\t<\/div>\n\t\t\t\t<div class=\"elementor-element elementor-element-ecbb4da elementor-widget elementor-widget-heading\" data-id=\"ecbb4da\" data-element_type=\"widget\" data-widget_type=\"heading.default\">\n\t\t\t\t<div class=\"elementor-widget-container\">\n\t\t\t<h2 class=\"elementor-heading-title elementor-size-default\">CERO<\/h2>\t\t<\/div>\n\t\t\t\t<\/div>\n\t\t\t\t<div class=\"elementor-element elementor-element-049389d elementor-widget elementor-widget-text-editor\" data-id=\"049389d\" data-element_type=\"widget\" data-widget_type=\"text-editor.default\">\n\t\t\t\t<div class=\"elementor-widget-container\">\n\t\t\t\t\t\t\t<p>\u00a0Con la instalaci\u00f3n de un nuevo ascensor, la rehabilitaci\u00f3n de este zagu\u00e1n en el barrio de Ruzafa en Valencia,\u00a0<a href=\"https:\/\/serliana.es\/en\/contacto\/\">SERLIANA<\/a>\u00a0consigui\u00f3 una mayor comodidad en el d\u00eda a d\u00eda de sus vecinos. La mezcla de texturas y materiales aport\u00f3 una imagen m\u00e1s actual a este espacio, que consigui\u00f3 encajar a la perfecci\u00f3n con los elementos que se conservaron, como la barandilla de la escalera<strong>.\u00a0<\/strong><\/p>\t\t\t\t\t\t<\/div>\n\t\t\t\t<\/div>\n\t\t\t\t\t<\/div>\n\t\t<\/div>\n\t\t\t\t\t<\/div>\n\t\t<\/section>\n\t\t\t\t\t<\/div>\n\t\t<\/div>\n\t\t\t\t<div class=\"has_eae_slider elementor-column elementor-col-50 elementor-top-column elementor-element elementor-element-379200e\" data-id=\"379200e\" data-element_type=\"column\">\n\t\t\t<div class=\"elementor-widget-wrap elementor-element-populated\">\n\t\t\t\t\t\t<div class=\"elementor-element elementor-element-54613cc elementor-widget elementor-widget-gallery\" data-id=\"54613cc\" data-element_type=\"widget\" data-settings=\"{&quot;columns&quot;:2,&quot;lazyload&quot;:&quot;yes&quot;,&quot;gallery_layout&quot;:&quot;grid&quot;,&quot;columns_tablet&quot;:2,&quot;columns_mobile&quot;:1,&quot;gap&quot;:{&quot;unit&quot;:&quot;px&quot;,&quot;size&quot;:10,&quot;sizes&quot;:[]},&quot;gap_tablet&quot;:{&quot;unit&quot;:&quot;px&quot;,&quot;size&quot;:10,&quot;sizes&quot;:[]},&quot;gap_mobile&quot;:{&quot;unit&quot;:&quot;px&quot;,&quot;size&quot;:10,&quot;sizes&quot;:[]},&quot;link_to&quot;:&quot;file&quot;,&quot;aspect_ratio&quot;:&quot;3:2&quot;,&quot;overlay_background&quot;:&quot;yes&quot;,&quot;content_hover_animation&quot;:&quot;fade-in&quot;}\" data-widget_type=\"gallery.default\">\n\t\t\t\t<div class=\"elementor-widget-container\">\n\t\t\t\t\t<div class=\"elementor-gallery__container\">\n\t\t\t\t\t\t\t<a class=\"e-gallery-item elementor-gallery-item elementor-animated-content\" href=\"https:\/\/serliana.es\/wp-content\/uploads\/2024\/09\/reforma_cota_cero_ascensor_patio_portal_zaguan_valencia-2.jpg\" data-elementor-open-lightbox=\"yes\" data-elementor-lightbox-slideshow=\"54613cc\" data-elementor-lightbox-title=\"reforma_cota_cero_ascensor_patio_portal_zaguan_valencia-2\" data-e-action-hash=\"#elementor-action%3Aaction%3Dlightbox%26settings%3DeyJpZCI6MzI0OSwidXJsIjoiaHR0cHM6XC9cL3NlcmxpYW5hLmVzXC93cC1jb250ZW50XC91cGxvYWRzXC8yMDI0XC8wOVwvcmVmb3JtYV9jb3RhX2Nlcm9fYXNjZW5zb3JfcGF0aW9fcG9ydGFsX3phZ3Vhbl92YWxlbmNpYS0yLmpwZyIsInNsaWRlc2hvdyI6IjU0NjEzY2MifQ%3D%3D\">\n\t\t\t\t\t<div class=\"e-gallery-image elementor-gallery-item__image\" data-thumbnail=\"https:\/\/serliana.es\/wp-content\/uploads\/2024\/09\/reforma_cota_cero_ascensor_patio_portal_zaguan_valencia-2-300x217.jpg\" data-width=\"300\" data-height=\"217\" aria-label=\"\" role=\"img\" ><\/div>\n\t\t\t\t\t\t\t\t\t\t\t<div class=\"elementor-gallery-item__overlay\"><\/div>\n\t\t\t\t\t\t\t\t\t\t\t\t\t\t<\/a>\n\t\t\t\t\t\t\t<a class=\"e-gallery-item elementor-gallery-item elementor-animated-content\" href=\"https:\/\/serliana.es\/wp-content\/uploads\/2024\/09\/reforma_cota_cero_ascensor_patio_portal_zaguan_valencia-5.jpg\" data-elementor-open-lightbox=\"yes\" data-elementor-lightbox-slideshow=\"54613cc\" data-elementor-lightbox-title=\"reforma_cota_cero_ascensor_patio_portal_zaguan_valencia-5\" data-e-action-hash=\"#elementor-action%3Aaction%3Dlightbox%26settings%3DeyJpZCI6MzI1MiwidXJsIjoiaHR0cHM6XC9cL3NlcmxpYW5hLmVzXC93cC1jb250ZW50XC91cGxvYWRzXC8yMDI0XC8wOVwvcmVmb3JtYV9jb3RhX2Nlcm9fYXNjZW5zb3JfcGF0aW9fcG9ydGFsX3phZ3Vhbl92YWxlbmNpYS01LmpwZyIsInNsaWRlc2hvdyI6IjU0NjEzY2MifQ%3D%3D\">\n\t\t\t\t\t<div class=\"e-gallery-image elementor-gallery-item__image\" data-thumbnail=\"https:\/\/serliana.es\/wp-content\/uploads\/2024\/09\/reforma_cota_cero_ascensor_patio_portal_zaguan_valencia-5-300x217.jpg\" data-width=\"300\" data-height=\"217\" aria-label=\"\" role=\"img\" ><\/div>\n\t\t\t\t\t\t\t\t\t\t\t<div class=\"elementor-gallery-item__overlay\"><\/div>\n\t\t\t\t\t\t\t\t\t\t\t\t\t\t<\/a>\n\t\t\t\t\t\t\t<a class=\"e-gallery-item elementor-gallery-item elementor-animated-content\" href=\"https:\/\/serliana.es\/wp-content\/uploads\/2024\/09\/reforma_cota_cero_ascensor_patio_portal_zaguan_valencia-4-e1516979917829.jpg\" data-elementor-open-lightbox=\"yes\" data-elementor-lightbox-slideshow=\"54613cc\" data-elementor-lightbox-title=\"reforma_cota_cero_ascensor_patio_portal_zaguan_valencia-4-e1516979917829\" data-e-action-hash=\"#elementor-action%3Aaction%3Dlightbox%26settings%3DeyJpZCI6MzI1MSwidXJsIjoiaHR0cHM6XC9cL3NlcmxpYW5hLmVzXC93cC1jb250ZW50XC91cGxvYWRzXC8yMDI0XC8wOVwvcmVmb3JtYV9jb3RhX2Nlcm9fYXNjZW5zb3JfcGF0aW9fcG9ydGFsX3phZ3Vhbl92YWxlbmNpYS00LWUxNTE2OTc5OTE3ODI5LmpwZyIsInNsaWRlc2hvdyI6IjU0NjEzY2MifQ%3D%3D\">\n\t\t\t\t\t<div class=\"e-gallery-image elementor-gallery-item__image\" data-thumbnail=\"https:\/\/serliana.es\/wp-content\/uploads\/2024\/09\/reforma_cota_cero_ascensor_patio_portal_zaguan_valencia-4-e1516979917829-217x300.jpg\" data-width=\"217\" data-height=\"300\" aria-label=\"\" role=\"img\" ><\/div>\n\t\t\t\t\t\t\t\t\t\t\t<div class=\"elementor-gallery-item__overlay\"><\/div>\n\t\t\t\t\t\t\t\t\t\t\t\t\t\t<\/a>\n\t\t\t\t\t\t\t<a class=\"e-gallery-item elementor-gallery-item elementor-animated-content\" href=\"https:\/\/serliana.es\/wp-content\/uploads\/2024\/09\/reforma_cota_cero_ascensor_patio_portal_zaguan_valencia-3.jpg\" data-elementor-open-lightbox=\"yes\" data-elementor-lightbox-slideshow=\"54613cc\" data-elementor-lightbox-title=\"reforma_cota_cero_ascensor_patio_portal_zaguan_valencia-3\" data-e-action-hash=\"#elementor-action%3Aaction%3Dlightbox%26settings%3DeyJpZCI6MzI1MCwidXJsIjoiaHR0cHM6XC9cL3NlcmxpYW5hLmVzXC93cC1jb250ZW50XC91cGxvYWRzXC8yMDI0XC8wOVwvcmVmb3JtYV9jb3RhX2Nlcm9fYXNjZW5zb3JfcGF0aW9fcG9ydGFsX3phZ3Vhbl92YWxlbmNpYS0zLmpwZyIsInNsaWRlc2hvdyI6IjU0NjEzY2MifQ%3D%3D\">\n\t\t\t\t\t<div class=\"e-gallery-image elementor-gallery-item__image\" data-thumbnail=\"https:\/\/serliana.es\/wp-content\/uploads\/2024\/09\/reforma_cota_cero_ascensor_patio_portal_zaguan_valencia-3-300x217.jpg\" data-width=\"300\" data-height=\"217\" aria-label=\"\" role=\"img\" ><\/div>\n\t\t\t\t\t\t\t\t\t\t\t<div class=\"elementor-gallery-item__overlay\"><\/div>\n\t\t\t\t\t\t\t\t\t\t\t\t\t\t<\/a>\n\t\t\t\t\t<\/div>\n\t\t\t<\/div>\n\t\t\t\t<\/div>\n\t\t\t\t\t<\/div>\n\t\t<\/div>\n\t\t\t\t\t<\/div>\n\t\t<\/section>\n\t\t\t\t<\/div>","protected":false},"excerpt":{"rendered":"<p>SERLIANA Inicio Trabajos realizados SERLIANA, GESTI\u00d3N DE LA CONSTRUCCI\u00d3N S.L. Ruzafa Zagu\u00e1n con un nuevo ascensor CERO \u00a0Con la instalaci\u00f3n de un nuevo ascensor, la rehabilitaci\u00f3n de este zagu\u00e1n en el barrio de Ruzafa en Valencia,\u00a0SERLIANA\u00a0consigui\u00f3 una mayor comodidad en el d\u00eda a d\u00eda de sus vecinos. La mezcla de texturas y materiales aport\u00f3 una [&hellip;]<\/p>","protected":false},"author":1,"featured_media":0,"parent":0,"menu_order":0,"comment_status":"closed","ping_status":"closed","template":"elementor_header_footer","meta":{"_acf_changed":false,"footnotes":""},"class_list":["post-3244","page","type-page","status-publish","hentry"],"acf":[],"yoast_head":"<!-- This site is optimized with the Yoast SEO plugin v23.4 - https:\/\/yoast.com\/wordpress\/plugins\/seo\/ -->\n<title>Ruzafa - SERLIANA S.L.<\/title>\n<meta name=\"robots\" content=\"index, follow, max-snippet:-1, max-image-preview:large, max-video-preview:-1\" \/>\n<link rel=\"canonical\" href=\"https:\/\/serliana.es\/en\/ruzafa\/\" \/>\n<meta property=\"og:locale\" content=\"en_GB\" \/>\n<meta property=\"og:type\" content=\"article\" \/>\n<meta property=\"og:title\" content=\"Ruzafa - SERLIANA S.L.\" \/>\n<meta property=\"og:description\" content=\"SERLIANA Inicio Trabajos realizados SERLIANA, GESTI\u00d3N DE LA CONSTRUCCI\u00d3N S.L. Ruzafa Zagu\u00e1n con un nuevo ascensor CERO \u00a0Con la instalaci\u00f3n de un nuevo ascensor, la rehabilitaci\u00f3n de este zagu\u00e1n en el barrio de Ruzafa en Valencia,\u00a0SERLIANA\u00a0consigui\u00f3 una mayor comodidad en el d\u00eda a d\u00eda de sus vecinos. La mezcla de texturas y materiales aport\u00f3 una [&hellip;]\" \/>\n<meta property=\"og:url\" content=\"https:\/\/serliana.es\/en\/ruzafa\/\" \/>\n<meta property=\"og:site_name\" content=\"SERLIANA S.L.\" \/>\n<meta property=\"article:modified_time\" content=\"2024-09-17T12:57:37+00:00\" \/>\n<meta name=\"twitter:card\" content=\"summary_large_image\" \/>\n<meta name=\"twitter:label1\" content=\"Estimated reading time\" \/>\n\t<meta name=\"twitter:data1\" content=\"1 minute\" \/>\n<script type=\"application\/ld+json\" class=\"yoast-schema-graph\">{\"@context\":\"https:\/\/schema.org\",\"@graph\":[{\"@type\":\"WebPage\",\"@id\":\"https:\/\/serliana.es\/ruzafa\/\",\"url\":\"https:\/\/serliana.es\/ruzafa\/\",\"name\":\"Ruzafa - SERLIANA S.L.\",\"isPartOf\":{\"@id\":\"https:\/\/serliana.es\/#website\"},\"datePublished\":\"2024-09-16T10:20:01+00:00\",\"dateModified\":\"2024-09-17T12:57:37+00:00\",\"breadcrumb\":{\"@id\":\"https:\/\/serliana.es\/ruzafa\/#breadcrumb\"},\"inLanguage\":\"en-GB\",\"potentialAction\":[{\"@type\":\"ReadAction\",\"target\":[\"https:\/\/serliana.es\/ruzafa\/\"]}]},{\"@type\":\"BreadcrumbList\",\"@id\":\"https:\/\/serliana.es\/ruzafa\/#breadcrumb\",\"itemListElement\":[{\"@type\":\"ListItem\",\"position\":1,\"name\":\"Portada\",\"item\":\"https:\/\/serliana.es\/\"},{\"@type\":\"ListItem\",\"position\":2,\"name\":\"Ruzafa\"}]},{\"@type\":\"WebSite\",\"@id\":\"https:\/\/serliana.es\/#website\",\"url\":\"https:\/\/serliana.es\/\",\"name\":\"SERLIANA S.L.\",\"description\":\"Rehabilitaci\u00f3n y construcci\u00f3n\",\"publisher\":{\"@id\":\"https:\/\/serliana.es\/#organization\"},\"potentialAction\":[{\"@type\":\"SearchAction\",\"target\":{\"@type\":\"EntryPoint\",\"urlTemplate\":\"https:\/\/serliana.es\/?s={search_term_string}\"},\"query-input\":{\"@type\":\"PropertyValueSpecification\",\"valueRequired\":true,\"valueName\":\"search_term_string\"}}],\"inLanguage\":\"en-GB\"},{\"@type\":\"Organization\",\"@id\":\"https:\/\/serliana.es\/#organization\",\"name\":\"SERLIANA S.L.\",\"url\":\"https:\/\/serliana.es\/\",\"logo\":{\"@type\":\"ImageObject\",\"inLanguage\":\"en-GB\",\"@id\":\"https:\/\/serliana.es\/#\/schema\/logo\/image\/\",\"url\":\"https:\/\/serliana.es\/wp-content\/uploads\/2023\/12\/logo-serliana-negro.jpg\",\"contentUrl\":\"https:\/\/serliana.es\/wp-content\/uploads\/2023\/12\/logo-serliana-negro.jpg\",\"width\":300,\"height\":246,\"caption\":\"SERLIANA S.L.\"},\"image\":{\"@id\":\"https:\/\/serliana.es\/#\/schema\/logo\/image\/\"}}]}<\/script>\n<!-- \/ Yoast SEO plugin. -->","yoast_head_json":{"title":"Ruzafa - SERLIANA S.L.","robots":{"index":"index","follow":"follow","max-snippet":"max-snippet:-1","max-image-preview":"max-image-preview:large","max-video-preview":"max-video-preview:-1"},"canonical":"https:\/\/serliana.es\/en\/ruzafa\/","og_locale":"en_GB","og_type":"article","og_title":"Ruzafa - SERLIANA S.L.","og_description":"SERLIANA Inicio Trabajos realizados SERLIANA, GESTI\u00d3N DE LA CONSTRUCCI\u00d3N S.L. Ruzafa Zagu\u00e1n con un nuevo ascensor CERO \u00a0Con la instalaci\u00f3n de un nuevo ascensor, la rehabilitaci\u00f3n de este zagu\u00e1n en el barrio de Ruzafa en Valencia,\u00a0SERLIANA\u00a0consigui\u00f3 una mayor comodidad en el d\u00eda a d\u00eda de sus vecinos. La mezcla de texturas y materiales aport\u00f3 una [&hellip;]","og_url":"https:\/\/serliana.es\/en\/ruzafa\/","og_site_name":"SERLIANA S.L.","article_modified_time":"2024-09-17T12:57:37+00:00","twitter_card":"summary_large_image","twitter_misc":{"Estimated reading time":"1 minute"},"schema":{"@context":"https:\/\/schema.org","@graph":[{"@type":"WebPage","@id":"https:\/\/serliana.es\/ruzafa\/","url":"https:\/\/serliana.es\/ruzafa\/","name":"Ruzafa - SERLIANA S.L.","isPartOf":{"@id":"https:\/\/serliana.es\/#website"},"datePublished":"2024-09-16T10:20:01+00:00","dateModified":"2024-09-17T12:57:37+00:00","breadcrumb":{"@id":"https:\/\/serliana.es\/ruzafa\/#breadcrumb"},"inLanguage":"en-GB","potentialAction":[{"@type":"ReadAction","target":["https:\/\/serliana.es\/ruzafa\/"]}]},{"@type":"BreadcrumbList","@id":"https:\/\/serliana.es\/ruzafa\/#breadcrumb","itemListElement":[{"@type":"ListItem","position":1,"name":"Portada","item":"https:\/\/serliana.es\/"},{"@type":"ListItem","position":2,"name":"Ruzafa"}]},{"@type":"WebSite","@id":"https:\/\/serliana.es\/#website","url":"https:\/\/serliana.es\/","name":"SERLIANA S.L.","description":"Rehabilitaci\u00f3n y construcci\u00f3n","publisher":{"@id":"https:\/\/serliana.es\/#organization"},"potentialAction":[{"@type":"SearchAction","target":{"@type":"EntryPoint","urlTemplate":"https:\/\/serliana.es\/?s={search_term_string}"},"query-input":{"@type":"PropertyValueSpecification","valueRequired":true,"valueName":"search_term_string"}}],"inLanguage":"en-GB"},{"@type":"Organization","@id":"https:\/\/serliana.es\/#organization","name":"SERLIANA S.L.","url":"https:\/\/serliana.es\/","logo":{"@type":"ImageObject","inLanguage":"en-GB","@id":"https:\/\/serliana.es\/#\/schema\/logo\/image\/","url":"https:\/\/serliana.es\/wp-content\/uploads\/2023\/12\/logo-serliana-negro.jpg","contentUrl":"https:\/\/serliana.es\/wp-content\/uploads\/2023\/12\/logo-serliana-negro.jpg","width":300,"height":246,"caption":"SERLIANA S.L."},"image":{"@id":"https:\/\/serliana.es\/#\/schema\/logo\/image\/"}}]}},"_links":{"self":[{"href":"https:\/\/serliana.es\/en\/wp-json\/wp\/v2\/pages\/3244","targetHints":{"allow":["GET"]}}],"collection":[{"href":"https:\/\/serliana.es\/en\/wp-json\/wp\/v2\/pages"}],"about":[{"href":"https:\/\/serliana.es\/en\/wp-json\/wp\/v2\/types\/page"}],"author":[{"embeddable":true,"href":"https:\/\/serliana.es\/en\/wp-json\/wp\/v2\/users\/1"}],"replies":[{"embeddable":true,"href":"https:\/\/serliana.es\/en\/wp-json\/wp\/v2\/comments?post=3244"}],"version-history":[{"count":10,"href":"https:\/\/serliana.es\/en\/wp-json\/wp\/v2\/pages\/3244\/revisions"}],"predecessor-version":[{"id":3531,"href":"https:\/\/serliana.es\/en\/wp-json\/wp\/v2\/pages\/3244\/revisions\/3531"}],"wp:attachment":[{"href":"https:\/\/serliana.es\/en\/wp-json\/wp\/v2\/media?parent=3244"}],"curies":[{"name":"wp","href":"https:\/\/api.w.org\/{rel}","templated":true}]}}